


{"id":9,"date":"2021-06-20T17:32:40","date_gmt":"2021-06-20T15:32:40","guid":{"rendered":"http:\/\/localhost\/jumelage\/?page_id=9"},"modified":"2023-04-21T18:54:20","modified_gmt":"2023-04-21T16:54:20","slug":"manifestations-communes","status":"publish","type":"page","link":"https:\/\/www.jumelagecharenton.fr\/index.php\/manifestations-communes\/","title":{"rendered":"Manifestations communes"},"content":{"rendered":"\n<p class=\"has-text-align-left eplus-PLZI1e has-large-font-size\"><span data-style=\"{&quot;enabled&quot;:false,&quot;color&quot;:&quot;&quot;,&quot;iconBackground&quot;:false,&quot;activeIcon&quot;:&quot;&quot;,&quot;iconBackgroundColor&quot;:&quot;&quot;,&quot;iconBorder&quot;:false,&quot;iconBorderColor&quot;:&quot;&quot;,&quot;iconBorderRadius&quot;:0}\" style=\"border-radius:0px;\" class=\"eplus-icon eplusicon-hand-o-right\"><\/span> <a aria-label=\"Photos (opens in a new tab)\" href=\"http:\/\/www.jumelagecharenton.fr\/index.php\/photos-des-manifestations-communes\/\" target=\"_blank\" rel=\"noreferrer noopener\" class=\"ek-link\"><strong>Photos<\/strong><\/a><\/p>\n\n\n<div class=\"event_listings\" data-location=\"\" data-keywords=\"\" data-show_filters=\"true\" data-show_pagination=\"false\" data-per_page=\"10\" data-orderby=\"event_start_date\" data-order=\"DESC\" data-datetimes=\"\" data-categories=\"manifestations communes\" data-event_types=\"\" data-ticket_prices=\"\" data-event_online=\"\" >\n<form class=\"wpem-main wpem-form-wrapper wpem-event-filter-wrapper event_filters\" id=\"event_filters\">\n\t\t<div class=\"search_events search-form-container\">\n\t\t\t <div class=\"wpem-row\">\n\t\t\t<!-- Search by keywords section start -->\n\t\t\t<div class=\"wpem-col\">\n\t\t\t\t<!-- shows default keywords text field  start-->\n\t\t\t\t<div class=\"wpem-form-group\">\n\t\t\t\t<label for=\"search_keywords\" class=\"wpem-form-label\">Mots cl\u00e9s<\/label>\n\t\t\t\t<input type=\"text\" name=\"search_keywords\" id=\"search_keywords\" placeholder=\"Mots cl\u00e9s\" value=\"\" \/> \n\t\t\t\t<\/div>\n\t\t\t\t<!-- shows default keywords text field end -->\n\t\t\t<\/div>\n\t\t\t<!-- Search by keywords section end-->\n\n\t\t\t<!-- Search by location section start -->\n\t\t\t<div class=\"wpem-col\">\n\t\t\t<div class=\"wpem-form-group wpem-location-container\">\n\t\t\t\t<label for=\"search_location\" class=\"wpem-form-label\">Lieu<\/label>\n\t\t\t\t<input type=\"text\" name=\"search_location\" id=\"search_location\"  placeholder=\"Lieu\" value=\"\" \/>\n\t\t\t<\/div>\n\t\t\t<\/div>\n\n\t\t\t<!-- Search by location section end -->\n\n\t\t\t\n\n\t\t\t<!-- Search by date section start -->\n\t\t\t\t\n\n\t\t\t\t\n\t\t\t\t<div class=\"wpem-col\">\n\t\t\t\t\t<div class=\"wpem-form-group\">\n\t\t\t\t\t\t<label for=\"search_datetimes\" class=\"wpem-form-label\">N\u2019importe quelles dates<\/label>\n\t\t\t\t\t\t<input type=\"text\" name=\"search_datetimes[]\" id=\"search_datetimes\" value='' class=\"event-manager-category-dropdown date_range_picker\" >\n\t\t\t\t\t\t<\/div>\n\t\t\t\t<\/div>\n\t\t\t\t  \t\t\t\n\t\t\t<!-- Search by date section end -->\n\n\n\t         <\/div> <!-- \/row -->\n\t\t<div class=\"wpem-row\">\n\t\t\t<!-- Search by event categories section start -->\n\t\t\t\t\t\t\t\t\t\t\t\t<input type=\"hidden\" name=\"search_categories[]\" value=\"manifestations-communes\" \/>\n\t\t\t\t\t\t\t\t \n\t\t\t<!-- Search by event categories section end -->\n\n\t\t\t<!-- Search by event type section start -->\n\t\t\t\t\t\n\t\t\t\t<div class=\"wpem-col\">\n\t\t\t\t\t<div class=\"wpem-form-group\">\n\t\t\t\t\t<label for=\"search_event_types\" class=\"wpem-form-label\">Type d\u2019\u00e9v\u00e8nement<\/label>\n\t\t\t\t\t\t\t\t\t\t\t<select name='search_event_types[]' id='search_event_types' class='event-manager-category-dropdown '  data-placeholder='Choose an event type' data-no_results_text='Aucun r\u00e9sultat ne correspond' data-multiple_text='S\u00e9lectionner des options'>\n<option value=\"\">Choose an Event Type<\/option>\t<option class=\"level-0\" value=\"appearance-or-signing\">Appearance or Signing<\/option>\n\t<option class=\"level-0\" value=\"attraction\">Attraction<\/option>\n\t<option class=\"level-0\" value=\"camp-trip-or-retreat\">Camp, Trip, or Retreat<\/option>\n\t<option class=\"level-0\" value=\"class-training-or-workshop\">Class, Training, or Workshop<\/option>\n\t<option class=\"level-0\" value=\"concert-or-performance\">Concert or Performance<\/option>\n\t<option class=\"level-0\" value=\"conference\">Conference<\/option>\n\t<option class=\"level-0\" value=\"convention\">Convention<\/option>\n\t<option class=\"level-0\" value=\"dinner-or-gala\">Dinner or Gala<\/option>\n\t<option class=\"level-0\" value=\"festival-or-fair\">Festival or Fair<\/option>\n\t<option class=\"level-0\" value=\"game-or-competition\">Game or Competition<\/option>\n\t<option class=\"level-0\" value=\"meeting-or-networking-event\">Meeting or Networking Event<\/option>\n\t<option class=\"level-0\" value=\"other\">Other<\/option>\n\t<option class=\"level-0\" value=\"party-or-social-gathering\">Party or Social Gathering<\/option>\n\t<option class=\"level-0\" value=\"race-or-endurance-event\">Race or Endurance Event<\/option>\n\t<option class=\"level-0\" value=\"rally\">Rally<\/option>\n\t<option class=\"level-0\" value=\"screening\">Screening<\/option>\n\t<option class=\"level-0\" value=\"seminar-or-talk\">Seminar or Talk<\/option>\n\t<option class=\"level-0\" value=\"tour\">Tour<\/option>\n\t<option class=\"level-0\" value=\"tournament\">Tournament<\/option>\n\t<option class=\"level-0\" value=\"tradeshow-consumer-show-or-expo\">Tradeshow, Consumer Show or Expo<\/option>\n<\/select>\n\t\t\t\t\t\t\t\t\t\t<\/div>\n\t\t\t\t<\/div>\n\t\t\t\t\t        \n\t\t\t<!-- Search by event type section end -->\n\n\t\t\t<!-- Search by any ticket price section start -->\t\t\t\n\t\t\t\t  \n\t\t\t<!-- Search by any ticket price section end -->  \n\n\t\t\t\n    <\/div> <!-- \/row -->\n\n    \t\n\n  <\/div>\n  <div class=\"showing_applied_filters\"><\/div><\/form>\n<noscript>Votre navigateur ne supporte pas JavaScript, ou il est d\u00e9sactiv\u00e9. JavaScript doit \u00eatre activ\u00e9 pour voir les listes.<\/noscript>\n<div class=\"wpem-main wpem-event-listings-header\">\r\n    <div class=\"wpem-row\">\r\n        <div class=\"wpem-col wpem-col-12 wpem-col-sm-6 wpem-col-md-6 wpem-col-lg-8\">\r\n            <div class=\"wpem-event-listing-header-title\">\r\n                <h2 class=\"wpem-heading-text\">\u00c9v\u00e8nements<\/h2> <\/div>\r\n        <\/div>\r\n        <div class=\"wpem-col wpem-col-12 wpem-col-sm-6 wpem-col-md-6 wpem-col-lg-4\">\r\n            <div class=\"wpem-event-layout-action-wrapper\">\r\n                <div class=\"wpem-event-layout-action\">\r\n                      \r\n                    <div class=\"wpem-event-layout-icon wpem-event-box-layout\" title=\"Events Box View\" id=\"wpem-event-box-layout\"><i class=\"wpem-icon-stop2\"><\/i><\/div>\r\n                    <div class=\"wpem-event-layout-icon wpem-event-list-layout wpem-active-layout\" title=\"Vue en liste des \u00e9v\u00e8nements\" id=\"wpem-event-list-layout\"><i class=\"wpem-icon-menu\"><\/i><\/div>\r\n                                    <\/div>\r\n            <\/div>\r\n        <\/div>\r\n    <\/div>\r\n<\/div>\r\n<!-- Event listing view -->\r\n<div id=\"event-listing-view\" class=\"wpem-main wpem-event-listings event_listings wpem-event-listing-list-view\">\r\n<\/div>\n<a class=\"load_more_events\" id=\"load_more_events\" href=\"#\" style=\"display:none;\"><strong>Charger plus d\u2019\u00e9v\u00e8nements<\/strong><\/a><\/div>\n\n\n\n<h2 class=\"eplus-1kckTM\"><\/h2>\n\n\n\n<p class=\"eplus-FLEpdH\"><\/p>\n","protected":false},"excerpt":{"rendered":"<p>Photos<\/p>\n","protected":false},"author":1,"featured_media":0,"parent":0,"menu_order":0,"comment_status":"closed","ping_status":"closed","template":"","meta":{"editor_plus_custom_animation_option_css":"{}","_editorskit_title_hidden":false,"_editorskit_reading_time":1,"_editorskit_typography_data":[],"_editorskit_blocks_typography":"","editor_plus_custom_css":"{\"a7e9da9b-91cf-423a-af5d-0ed8d72198d7\":\".eplus-XOduxO { \\n\\n}\",\"af880378-1378-4fd9-bfae-13145d9bc935\":\".eplus-FLEpdH { \\n\\n}\",\"4ddac065-997a-4e4d-b14c-4e71d3da983a\":\".eplus-1kckTM { \\n\\n}\"}","editor_plus_custom_css_file_version":"latest-522","editor_plus_custom_styling_options_file_version":"latest-8820","editor_plus_custom_styling_options_css":"{\"a7e9da9b-91cf-423a-af5d-0ed8d72198d7\":\"\",\"af880378-1378-4fd9-bfae-13145d9bc935\":\"\",\"4ddac065-997a-4e4d-b14c-4e71d3da983a\":\"\",\"1c6dff4b-f11a-47e5-bc0c-1315843745ac\":\".eplus_styles .eplus-PLZI1e {\\n                position: relative;\\n                text-align: left;\\n            }\"}","editor_plus_copied_stylings":"{}","editor_plus_extended_blocks_css":"{}","editor_plus_post_options":"{}","ngg_post_thumbnail":0},"_links":{"self":[{"href":"https:\/\/www.jumelagecharenton.fr\/index.php\/wp-json\/wp\/v2\/pages\/9"}],"collection":[{"href":"https:\/\/www.jumelagecharenton.fr\/index.php\/wp-json\/wp\/v2\/pages"}],"about":[{"href":"https:\/\/www.jumelagecharenton.fr\/index.php\/wp-json\/wp\/v2\/types\/page"}],"author":[{"embeddable":true,"href":"https:\/\/www.jumelagecharenton.fr\/index.php\/wp-json\/wp\/v2\/users\/1"}],"replies":[{"embeddable":true,"href":"https:\/\/www.jumelagecharenton.fr\/index.php\/wp-json\/wp\/v2\/comments?post=9"}],"version-history":[{"count":16,"href":"https:\/\/www.jumelagecharenton.fr\/index.php\/wp-json\/wp\/v2\/pages\/9\/revisions"}],"predecessor-version":[{"id":2070,"href":"https:\/\/www.jumelagecharenton.fr\/index.php\/wp-json\/wp\/v2\/pages\/9\/revisions\/2070"}],"wp:attachment":[{"href":"https:\/\/www.jumelagecharenton.fr\/index.php\/wp-json\/wp\/v2\/media?parent=9"}],"curies":[{"name":"wp","href":"https:\/\/api.w.org\/{rel}","templated":true}]}}