


{"id":83,"date":"2021-06-21T10:52:59","date_gmt":"2021-06-21T08:52:59","guid":{"rendered":"http:\/\/localhost\/jumelage\/?page_id=83"},"modified":"2021-08-30T15:00:04","modified_gmt":"2021-08-30T13:00:04","slug":"israel","status":"publish","type":"page","link":"https:\/\/www.jumelagecharenton.fr\/index.php\/israel\/","title":{"rendered":"Israel"},"content":{"rendered":"\n<div style=\"height:64px\" aria-hidden=\"true\" class=\"wp-block-spacer eplus-AlfsJd\"><\/div>\n\n\n\n<div class=\"wp-block-media-text alignwide is-stacked-on-mobile allimg eplus-yvkQwI\" style=\"grid-template-columns:15% auto\"><figure class=\"wp-block-media-text__media\"><img loading=\"lazy\" width=\"750\" height=\"1024\" src=\"http:\/\/www.jumelagecharenton.fr\/wp-content\/uploads\/zikhronblason-750x1024.png\" alt=\"\" class=\"wp-image-409 size-full\" srcset=\"https:\/\/www.jumelagecharenton.fr\/wp-content\/uploads\/zikhronblason-750x1024.png 750w, https:\/\/www.jumelagecharenton.fr\/wp-content\/uploads\/zikhronblason-220x300.png 220w, https:\/\/www.jumelagecharenton.fr\/wp-content\/uploads\/zikhronblason-768x1048.png 768w, https:\/\/www.jumelagecharenton.fr\/wp-content\/uploads\/zikhronblason-100x137.png 100w, https:\/\/www.jumelagecharenton.fr\/wp-content\/uploads\/zikhronblason-150x205.png 150w, https:\/\/www.jumelagecharenton.fr\/wp-content\/uploads\/zikhronblason-200x273.png 200w, https:\/\/www.jumelagecharenton.fr\/wp-content\/uploads\/zikhronblason-300x410.png 300w, https:\/\/www.jumelagecharenton.fr\/wp-content\/uploads\/zikhronblason-450x614.png 450w, https:\/\/www.jumelagecharenton.fr\/wp-content\/uploads\/zikhronblason-600x819.png 600w, https:\/\/www.jumelagecharenton.fr\/wp-content\/uploads\/zikhronblason.png 800w\" sizes=\"(max-width: 750px) 100vw, 750px\" \/><\/figure><div class=\"wp-block-media-text__content\">\n<h1 class=\"title-nomarg eplus-mvaJIa\">Zikhron Yaakov<\/h1>\n\n\n\n<p class=\"infos-par eplus-rDXWMg\">Localit\u00e9 d&rsquo;Isra\u00ebl install\u00e9e sur le mont Carmel (18\u00a0400\u00a0habitants) \u2013 District d\u2019Ha\u00effa<\/p>\n\n\n\n<p class=\"eplus-Ga66E0\"><strong><a rel=\"noreferrer noopener\" href=\"https:\/\/fr.wikipedia.org\/wiki\/Zikhron_Yaakov\" target=\"_blank\" class=\"ek-link\">Zikhron Yaakov<\/a><\/strong> (<strong>\u05d6\u05db\u05e8\u05d5\u05df \u05d9\u05e2\u05e7\u05d1<\/strong>) a \u00e9t\u00e9 fond\u00e9 le 6 d\u00e9cembre 1882 par des membres des <em>Amants de Sion<\/em>. C\u2019est la troisi\u00e8me localit\u00e9 juive fond\u00e9e lors de la Premi\u00e8re Aliyah.<\/p>\n\n\n\n<p class=\"eplus-u7L7gw\">site : <\/p>\n<\/div><\/div>\n\n\n\n<div style=\"height:99px\" aria-hidden=\"true\" class=\"wp-block-spacer eplus-1AgyUh\"><\/div>\n\n\n\n<div class=\"wp-block-columns eplus-NOf045\">\n<div class=\"wp-block-column eplus-EJPi3L\">\n<div class=\"wp-block-image is-style-default eplus-FKEEIz\"><figure class=\"alignright size-large is-resized\"><img loading=\"lazy\" src=\"http:\/\/www.jumelagecharenton.fr\/wp-content\/uploads\/zikhronpic-1024x768.png\" alt=\"\" class=\"wp-image-411\" width=\"385\" height=\"289\" srcset=\"https:\/\/www.jumelagecharenton.fr\/wp-content\/uploads\/zikhronpic-1024x768.png 1024w, https:\/\/www.jumelagecharenton.fr\/wp-content\/uploads\/zikhronpic-300x225.png 300w, https:\/\/www.jumelagecharenton.fr\/wp-content\/uploads\/zikhronpic-768x576.png 768w, https:\/\/www.jumelagecharenton.fr\/wp-content\/uploads\/zikhronpic-100x75.png 100w, https:\/\/www.jumelagecharenton.fr\/wp-content\/uploads\/zikhronpic-150x113.png 150w, https:\/\/www.jumelagecharenton.fr\/wp-content\/uploads\/zikhronpic-200x150.png 200w, https:\/\/www.jumelagecharenton.fr\/wp-content\/uploads\/zikhronpic-450x338.png 450w, https:\/\/www.jumelagecharenton.fr\/wp-content\/uploads\/zikhronpic-600x450.png 600w, https:\/\/www.jumelagecharenton.fr\/wp-content\/uploads\/zikhronpic-900x675.png 900w, https:\/\/www.jumelagecharenton.fr\/wp-content\/uploads\/zikhronpic.png 1200w\" sizes=\"(max-width: 385px) 100vw, 385px\" \/><\/figure><\/div>\n<\/div>\n\n\n\n<div class=\"wp-block-column eplus-x9u0a7\">\n<div class=\"wp-block-image eplus-M53itJ\"><figure class=\"alignleft size-large is-resized\"><img loading=\"lazy\" src=\"http:\/\/www.jumelagecharenton.fr\/wp-content\/uploads\/zikhronmap.png\" alt=\"\" class=\"wp-image-410\" width=\"146\" height=\"293\" srcset=\"https:\/\/www.jumelagecharenton.fr\/wp-content\/uploads\/zikhronmap.png 372w, https:\/\/www.jumelagecharenton.fr\/wp-content\/uploads\/zikhronmap-149x300.png 149w, https:\/\/www.jumelagecharenton.fr\/wp-content\/uploads\/zikhronmap-100x201.png 100w, https:\/\/www.jumelagecharenton.fr\/wp-content\/uploads\/zikhronmap-150x302.png 150w, https:\/\/www.jumelagecharenton.fr\/wp-content\/uploads\/zikhronmap-200x403.png 200w, https:\/\/www.jumelagecharenton.fr\/wp-content\/uploads\/zikhronmap-300x604.png 300w\" sizes=\"(max-width: 146px) 100vw, 146px\" \/><\/figure><\/div>\n<\/div>\n<\/div>\n","protected":false},"excerpt":{"rendered":"<p>Zikhron Yaakov Localit\u00e9 d&rsquo;Isra\u00ebl install\u00e9e sur le mont Carmel (18\u00a0400\u00a0habitants) \u2013 District d\u2019Ha\u00effa Zikhron Yaakov (\u05d6\u05db\u05e8\u05d5\u05df \u05d9\u05e2\u05e7\u05d1) a \u00e9t\u00e9 fond\u00e9 le 6 d\u00e9cembre 1882 par des membres des Amants de Sion. C\u2019est la troisi\u00e8me localit\u00e9 juive fond\u00e9e lors de la &hellip;<\/p>\n<p class=\"read-more\"> <a class=\"more-link\" href=\"https:\/\/www.jumelagecharenton.fr\/index.php\/israel\/\"> <span class=\"screen-reader-text\">Israel<\/span> Read More &raquo;<\/a><\/p>\n","protected":false},"author":1,"featured_media":0,"parent":0,"menu_order":0,"comment_status":"closed","ping_status":"closed","template":"full-width-page.php","meta":{"editor_plus_custom_animation_option_css":"{}","_editorskit_title_hidden":true,"_editorskit_reading_time":1,"_editorskit_typography_data":[],"_editorskit_blocks_typography":"","editor_plus_custom_css":"{\"cbc21228-328d-45dd-ab17-2e78b1939902\":\".eplus-AlfsJd { \\n\\n}\",\"4f328372-bff1-456c-b2e6-d426f3e2fab2\":\".title-nomarg.eplus-mvaJIa { \\n\\n}\",\"22332904-bf58-459e-bffb-03ec389a5598\":\".infos-par.eplus-rDXWMg { \\n\\n}\",\"3744d8b6-faa9-4a97-ad66-ed1f3bed68e1\":\".eplus-Ga66E0 { \\n\\n}\",\"9285f8d2-095e-41f4-b1f9-05f9eace9301\":\".eplus-u7L7gw { \\n\\n}\",\"c9a25d62-62d2-44dd-bcf6-3ada8a566fe7\":\".allimg.eplus-yvkQwI { \\n\\n}\",\"a0f3a047-3af0-42cb-86e8-39ae6a8e44a4\":\".eplus-1AgyUh { \\n\\n}\",\"263af05d-3ab1-49d4-b836-0b9a6b88674e\":\".is-style-default.eplus-FKEEIz { \\n\\n}\",\"d1ac9ab4-06f6-4ff0-8281-50a2683731eb\":\".eplus-EJPi3L { \\n\\n}\",\"e4a4cb73-7296-4ff0-ae39-ac44c486d24c\":\".eplus-M53itJ { \\n\\n}\",\"5ef89b63-d105-49a7-8684-b444dacfbd16\":\".eplus-x9u0a7 { \\n\\n}\",\"633e8814-0fb0-47ea-933b-1c05e3aa730e\":\".eplus-NOf045 { \\n\\n}\"}","editor_plus_custom_css_file_version":"latest-177","editor_plus_custom_styling_options_file_version":"latest-5271","editor_plus_custom_styling_options_css":"{\"cbc21228-328d-45dd-ab17-2e78b1939902\":\"\",\"4f328372-bff1-456c-b2e6-d426f3e2fab2\":\"\",\"22332904-bf58-459e-bffb-03ec389a5598\":\"\",\"3744d8b6-faa9-4a97-ad66-ed1f3bed68e1\":\"\",\"9285f8d2-095e-41f4-b1f9-05f9eace9301\":\"\",\"c9a25d62-62d2-44dd-bcf6-3ada8a566fe7\":\"\",\"a0f3a047-3af0-42cb-86e8-39ae6a8e44a4\":\"\",\"263af05d-3ab1-49d4-b836-0b9a6b88674e\":\"\",\"d1ac9ab4-06f6-4ff0-8281-50a2683731eb\":\"\",\"e4a4cb73-7296-4ff0-ae39-ac44c486d24c\":\"\",\"5ef89b63-d105-49a7-8684-b444dacfbd16\":\"\",\"633e8814-0fb0-47ea-933b-1c05e3aa730e\":\"\"}","editor_plus_copied_stylings":"{}","editor_plus_extended_blocks_css":"{}","editor_plus_post_options":"{}","ngg_post_thumbnail":0},"_links":{"self":[{"href":"https:\/\/www.jumelagecharenton.fr\/index.php\/wp-json\/wp\/v2\/pages\/83"}],"collection":[{"href":"https:\/\/www.jumelagecharenton.fr\/index.php\/wp-json\/wp\/v2\/pages"}],"about":[{"href":"https:\/\/www.jumelagecharenton.fr\/index.php\/wp-json\/wp\/v2\/types\/page"}],"author":[{"embeddable":true,"href":"https:\/\/www.jumelagecharenton.fr\/index.php\/wp-json\/wp\/v2\/users\/1"}],"replies":[{"embeddable":true,"href":"https:\/\/www.jumelagecharenton.fr\/index.php\/wp-json\/wp\/v2\/comments?post=83"}],"version-history":[{"count":4,"href":"https:\/\/www.jumelagecharenton.fr\/index.php\/wp-json\/wp\/v2\/pages\/83\/revisions"}],"predecessor-version":[{"id":3481,"href":"https:\/\/www.jumelagecharenton.fr\/index.php\/wp-json\/wp\/v2\/pages\/83\/revisions\/3481"}],"wp:attachment":[{"href":"https:\/\/www.jumelagecharenton.fr\/index.php\/wp-json\/wp\/v2\/media?parent=83"}],"curies":[{"name":"wp","href":"https:\/\/api.w.org\/{rel}","templated":true}]}}