


{"id":41,"date":"2021-06-20T22:45:38","date_gmt":"2021-06-20T20:45:38","guid":{"rendered":"http:\/\/localhost\/jumelage\/?page_id=41"},"modified":"2023-10-17T17:10:41","modified_gmt":"2023-10-17T15:10:41","slug":"accueil","status":"publish","type":"page","link":"https:\/\/www.jumelagecharenton.fr\/","title":{"rendered":"Accueil"},"content":{"rendered":"\n<div class=\"wp-block-group eplus-LsJ3vu\"><div class=\"wp-block-group__inner-container\">\n<div style=\"height:52px\" aria-hidden=\"true\" class=\"wp-block-spacer eplus-svesqj\"><\/div>\n<\/div><\/div>\n\n\n\n<div style=\"height:52px\" aria-hidden=\"true\" class=\"wp-block-spacer eplus-EpnPgG\"><\/div>\n\n\n\n<div class=\"wp-block-columns home-row eplus-jLQYkU\">\n<div class=\"wp-block-column eplus-ZbxlGY\">\n<div class=\"wp-block-columns eplus-UF51R5\">\n<div class=\"wp-block-column flag-col-left eplus-sv31lS ek-linked-block\">\n<div class=\"wp-block-group flag-contain eplus-FK4TW9 ek-linked-block\"><div class=\"wp-block-group__inner-container\">\n<figure class=\"wp-block-image size-large eplus-4AG1P3\"><a href=\"http:\/\/www.jumelagecharenton.fr\/grande-bretagne\/\"><img loading=\"lazy\" width=\"500\" height=\"500\" src=\"http:\/\/www.jumelagecharenton.fr\/wp-content\/uploads\/grandebretagne.png\" alt=\"\" class=\"wp-image-388\" srcset=\"https:\/\/www.jumelagecharenton.fr\/wp-content\/uploads\/grandebretagne.png 500w, https:\/\/www.jumelagecharenton.fr\/wp-content\/uploads\/grandebretagne-300x300.png 300w, https:\/\/www.jumelagecharenton.fr\/wp-content\/uploads\/grandebretagne-150x150.png 150w, https:\/\/www.jumelagecharenton.fr\/wp-content\/uploads\/grandebretagne-100x100.png 100w, https:\/\/www.jumelagecharenton.fr\/wp-content\/uploads\/grandebretagne-200x200.png 200w, https:\/\/www.jumelagecharenton.fr\/wp-content\/uploads\/grandebretagne-450x450.png 450w\" sizes=\"(max-width: 500px) 100vw, 500px\" \/><\/a><\/figure>\n<\/div><a href=\"http:\/\/www.jumelagecharenton.fr\/grande-bretagne\/\" class=\"editorskit-block-link\"rel=\"\"><\/a><\/div>\n<a href=\"http:\/\/www.jumelagecharenton.fr\/index.php\/grande-bretagne\/\" class=\"editorskit-block-link\"rel=\"\"><\/a><\/div>\n\n\n\n<div class=\"wp-block-column flag-col-right eplus-IgHDus ek-linked-block\">\n<div class=\"wp-block-group flag-contain eplus-UAxAOa ek-linked-block\"><div class=\"wp-block-group__inner-container\">\n<figure class=\"wp-block-image size-large eplus-e4UStW\"><a href=\"http:\/\/www.jumelagecharenton.fr\/italie\/\"><img loading=\"lazy\" width=\"500\" height=\"500\" src=\"http:\/\/www.jumelagecharenton.fr\/wp-content\/uploads\/italie.png\" alt=\"\" class=\"wp-image-392\" srcset=\"https:\/\/www.jumelagecharenton.fr\/wp-content\/uploads\/italie.png 500w, https:\/\/www.jumelagecharenton.fr\/wp-content\/uploads\/italie-300x300.png 300w, https:\/\/www.jumelagecharenton.fr\/wp-content\/uploads\/italie-150x150.png 150w, https:\/\/www.jumelagecharenton.fr\/wp-content\/uploads\/italie-100x100.png 100w, https:\/\/www.jumelagecharenton.fr\/wp-content\/uploads\/italie-200x200.png 200w, https:\/\/www.jumelagecharenton.fr\/wp-content\/uploads\/italie-450x450.png 450w\" sizes=\"(max-width: 500px) 100vw, 500px\" \/><\/a><\/figure>\n<\/div><a href=\"http:\/\/www.jumelagecharenton.fr\/italie\/\" class=\"editorskit-block-link\"rel=\"\"><\/a><\/div>\n<a href=\"http:\/\/www.jumelagecharenton.fr\/index.php\/italie\/\" class=\"editorskit-block-link\"rel=\"\"><\/a><\/div>\n<\/div>\n\n\n\n<div class=\"wp-block-columns eplus-dbTu2F\">\n<div class=\"wp-block-column flag-col-left eplus-GAt0Cv ek-linked-block\">\n<div class=\"wp-block-group flag-contain eplus-bKzEfr ek-linked-block\"><div class=\"wp-block-group__inner-container\">\n<figure class=\"wp-block-image size-large eplus-K7Rb9P\"><a href=\"http:\/\/www.jumelagecharenton.fr\/allemagne\/\"><img loading=\"lazy\" width=\"500\" height=\"500\" src=\"http:\/\/www.jumelagecharenton.fr\/wp-content\/uploads\/allemagne.png\" alt=\"\" class=\"wp-image-378\" srcset=\"https:\/\/www.jumelagecharenton.fr\/wp-content\/uploads\/allemagne.png 500w, https:\/\/www.jumelagecharenton.fr\/wp-content\/uploads\/allemagne-300x300.png 300w, https:\/\/www.jumelagecharenton.fr\/wp-content\/uploads\/allemagne-150x150.png 150w, https:\/\/www.jumelagecharenton.fr\/wp-content\/uploads\/allemagne-100x100.png 100w, https:\/\/www.jumelagecharenton.fr\/wp-content\/uploads\/allemagne-200x200.png 200w, https:\/\/www.jumelagecharenton.fr\/wp-content\/uploads\/allemagne-450x450.png 450w\" sizes=\"(max-width: 500px) 100vw, 500px\" \/><\/a><\/figure>\n<\/div><a href=\"http:\/\/www.jumelagecharenton.fr\/allemagne\/\" class=\"editorskit-block-link\"rel=\"\"><\/a><\/div>\n<a href=\"http:\/\/www.jumelagecharenton.fr\/index.php\/allemagne\/\" class=\"editorskit-block-link\"rel=\"\"><\/a><\/div>\n\n\n\n<div class=\"wp-block-column flag-col-right eplus-MOh3J8 ek-linked-block\">\n<div class=\"wp-block-group flag-contain eplus-lZowA9 ek-linked-block\"><div class=\"wp-block-group__inner-container\">\n<figure class=\"wp-block-image size-large eplus-WhjRjI\"><a href=\"http:\/\/www.jumelagecharenton.fr\/israel\/\"><img loading=\"lazy\" width=\"500\" height=\"500\" src=\"http:\/\/www.jumelagecharenton.fr\/wp-content\/uploads\/israel.png\" alt=\"\" class=\"wp-image-391\" srcset=\"https:\/\/www.jumelagecharenton.fr\/wp-content\/uploads\/israel.png 500w, https:\/\/www.jumelagecharenton.fr\/wp-content\/uploads\/israel-300x300.png 300w, https:\/\/www.jumelagecharenton.fr\/wp-content\/uploads\/israel-150x150.png 150w, https:\/\/www.jumelagecharenton.fr\/wp-content\/uploads\/israel-100x100.png 100w, https:\/\/www.jumelagecharenton.fr\/wp-content\/uploads\/israel-200x200.png 200w, https:\/\/www.jumelagecharenton.fr\/wp-content\/uploads\/israel-450x450.png 450w\" sizes=\"(max-width: 500px) 100vw, 500px\" \/><\/a><\/figure>\n<\/div><a href=\"http:\/\/www.jumelagecharenton.fr\/israel\/\" class=\"editorskit-block-link\"rel=\"\"><\/a><\/div>\n<a href=\"http:\/\/www.jumelagecharenton.fr\/index.php\/israel\/\" class=\"editorskit-block-link\"rel=\"\"><\/a><\/div>\n<\/div>\n<\/div>\n\n\n\n<div class=\"wp-block-column text-home eplus-yBDkdE\">\n<h2 class=\"has-text-align-center eplus-VVRzl4 home_title\"><span style=\"color:#0300a3\" class=\"has-inline-color\">Comit\u00e9 de jumelage<\/span><br><span style=\"color:#0300a3\" class=\"has-inline-color\">de Charenton-le-Pont<\/span><\/h2>\n\n\n\n<p class=\"eplus-2OT08X\">La ville de Charenton a nou\u00e9 au fil du temps des liens \u00e9troits avec des villes situ\u00e9es dans plusieurs pays \u00e9trangers.<\/p>\n\n\n\n<p class=\"eplus-2OT08X\">Des rencontres sont organis\u00e9es r\u00e9guli\u00e8rement et contribuent \u00e0 notre enrichissement mutuel.<\/p>\n\n\n\n<div class=\"wp-block-group eplus-COs5EK grp-flex buttongrp\"><div class=\"wp-block-group__inner-container\">\n<div class=\"wp-block-buttons is-content-justification-left eplus-GOgofd\">\n<div class=\"wp-block-button eplus-uJHY6i\"><a class=\"wp-block-button__link\" href=\"http:\/\/www.jumelagecharenton.fr\/index.php\/organisation-comite\/\">En savoir plus<\/a><\/div>\n<\/div>\n\n\n\n<div class=\"wp-block-buttons is-content-justification-left eplus-6TvyN4\">\n<div class=\"wp-block-button outline eplus-QUQbKC\"><a class=\"wp-block-button__link\" href=\"http:\/\/www.jumelagecharenton.fr\/index.php\/manifestations-communes\/\">Manifestations<\/a><\/div>\n<\/div>\n<\/div><\/div>\n<\/div>\n<\/div>\n\n\n\n<h2 class=\"eplus-ILy1D3 has-button-hover-color-color has-text-color\">Villes jumel\u00e9es<\/h2>\n\n\n\n<div class=\"mapcontain\"><div class=\"pointcontain\"><object class=\"svgClass\" type=\"image\/svg+xml\" data=\"http:\/\/jumelagecharenton.fr\/wp-content\/uploads\/map.svg\" width=\"500\" height=\"300.4121\"><\/object><\/div>\n<div class=\"legendecontain\">\n<div class=\"legende\" onmouseover=\"testfunction('path283')\" onmouseout=\"testfunction('path283')\">\n<div class=\"rond france\"><\/div>\n<span>France : Charenton-le-pont<\/span>\n<\/div>\n<a href=\"http:\/\/www.jumelagecharenton.fr\/index.php\/grande-bretagne\/\"><div class=\"legende\" onmouseover=\"testfunction('path275')\" onmouseout=\"testfunction('path275')\">\n<div class=\"rond grandebretagne\"><\/div>\n<span>Grande Bretagne : Trowbridge<\/span>\n<\/div><\/a>\n<a href=\"http:\/\/www.jumelagecharenton.fr\/index.php\/allemagne\/\"><div class=\"legende\" onmouseover=\"testfunction('path219')\" onmouseout=\"testfunction('path219')\">\n<div class=\"rond allemagne\"><\/div>\n<span>Allemagne : Berlin Tempelhof &amp; B\u00fcren<\/span>\n<\/div><\/a>\n<a href=\"http:\/\/www.jumelagecharenton.fr\/index.php\/italie\/\"><div class=\"legende\" onmouseover=\"testfunction('path299')\" onmouseout=\"testfunction('path299')\">\n<div class=\"rond italie\"><\/div>\n<span>Italie: Borgo Val di Taro<\/span>\n<\/div><\/a>\n<a href=\"http:\/\/www.jumelagecharenton.fr\/index.php\/israel\/\"><div class=\"legende\" onmouseover=\"testfunction('path355')\" onmouseout=\"testfunction('path355')\">\n<div class=\"rond israel\"><\/div>\n<span>Isra\u00ebl: Zikhron Yaakov<\/span>\n<\/div><\/a>\n<\/div>\n<\/div>\n\n\n\n<div style=\"height:100px\" aria-hidden=\"true\" class=\"wp-block-spacer eplus-GmCzTj\"><\/div>\n\n\n\n<p class=\"eplus-KTC0vG\"><\/p>\n\n\n\n<p class=\"eplus-v2ZQKR\"><\/p>\n","protected":false},"excerpt":{"rendered":"<p>Comit\u00e9 de jumelagede Charenton-le-Pont La ville de Charenton a nou\u00e9 au fil du temps des liens \u00e9troits avec des villes situ\u00e9es dans plusieurs pays \u00e9trangers. Des rencontres sont organis\u00e9es r\u00e9guli\u00e8rement et contribuent \u00e0 notre enrichissement mutuel. Villes jumel\u00e9es France : &hellip;<\/p>\n<p class=\"read-more\"> <a class=\"more-link\" href=\"https:\/\/www.jumelagecharenton.fr\/\"> <span class=\"screen-reader-text\">Accueil<\/span> Read More &raquo;<\/a><\/p>\n","protected":false},"author":1,"featured_media":0,"parent":0,"menu_order":0,"comment_status":"closed","ping_status":"closed","template":"","meta":{"editor_plus_custom_animation_option_css":"{}","_editorskit_title_hidden":true,"_editorskit_reading_time":1,"_editorskit_typography_data":[],"_editorskit_blocks_typography":"","editor_plus_custom_css":"{\"b8ee7c49-8bca-4ede-9b84-3b83f45b16f9\":\".eplus-svesqj { \\n\\n}\",\"a8c685f2-7770-497d-95ad-3809c11de446\":\".eplus-LsJ3vu { \\n\\n}\",\"18135496-98ff-43e6-aedf-38a94c43031f\":\".eplus-EpnPgG { \\n\\n}\",\"f49e9f51-ad8a-4859-86fd-7cd3dc713a97\":\".eplus-4AG1P3 { \\n\\n}\",\"15efbcb5-30d2-4fec-ab03-29c9b27b7b2f\":\".flag-contain.eplus-FK4TW9 { \\n\\n}\",\"2d0a4bcb-93e9-489d-a319-3d86bc69538c\":\".flag-col-left.eplus-sv31lS { \\n\\n}\",\"d6ae15ad-2f7a-440c-862d-d57dacfd7036\":\".eplus-e4UStW { \\n\\n}\",\"70bcd5d2-572b-4744-8d2f-3705de5fef5d\":\".flag-contain.eplus-UAxAOa { \\n\\n}\",\"ca35bf93-f1de-4ac5-9135-3f4730b43366\":\".flag-col-right.eplus-IgHDus { \\n\\n}\",\"f5439b79-6e1f-4bd1-bcc2-80357f0ec05c\":\".eplus-UF51R5 { \\n\\n}\",\"1a2b3e43-bb53-4093-b3eb-05007905945f\":\".eplus-K7Rb9P { \\n\\n}\",\"93a8b709-a89d-4bbb-bea6-aff15117c627\":\".flag-contain.eplus-bKzEfr { \\n\\n}\",\"df3ae8da-8c84-4e00-a993-d1c3ecb47bb4\":\".flag-col-left.eplus-GAt0Cv { \\n\\n}\",\"8ec279a4-7a96-49d9-93b8-467ed86f133a\":\".eplus-WhjRjI { \\n\\n}\",\"52ac2d92-24e8-4f5e-b214-da0a9e174f43\":\".flag-contain.eplus-lZowA9 { \\n\\n}\",\"b754b3aa-5f27-4832-8e88-7144e1235390\":\".flag-col-right.eplus-MOh3J8 { \\n\\n}\",\"3aa1b4e1-0519-42b1-bcb1-5416eee63c82\":\".eplus-dbTu2F { \\n\\n}\",\"277b501b-8bd8-45a5-bae9-6924ad50cdc1\":\".eplus-ZbxlGY { \\n\\n}\",\"97350414-f0b8-44a4-b157-5fb066fe9cca\":\".eplus-VVRzl4.home_title { \\n\\n}\",\"8400e8e7-8c6e-473d-a7c8-3b402125e226\":\".eplus-2OT08X { \\n\\n}\",\"d8de4c54-7b37-4b7a-88e9-44a69e050b38\":\".eplus-2OT08X { \\n\\n}\",\"8e679765-77e7-4401-a0f1-11d90039a24f\":\".eplus-uJHY6i { \\n\\n}\",\"82455927-32a2-438e-b86f-5180292c28b3\":\".eplus-GOgofd { \\n\\n}\",\"42381f0b-f4d3-41ff-9304-48c21bdbca8c\":\".outline.eplus-QUQbKC { \\n\\n}\",\"a6669d59-ab9a-4102-89cf-612b84eaf3c5\":\".eplus-6TvyN4 { \\n\\n}\",\"d57feaef-9ee4-42ab-958a-05257f005c4e\":\".eplus-COs5EK.grp-flex.buttongrp { \\n\\n}\",\"fda4464b-7f1a-4b3f-b137-0197f01ed364\":\".text-home.eplus-yBDkdE { \\n\\n}\",\"9c6b937a-26c4-4b1a-ab1a-9727d4e3be7b\":\".home-row.eplus-jLQYkU { \\n\\n}\",\"a407109c-4c85-4c4d-b717-a99f8df6ce73\":\".eplus-ILy1D3 { \\n\\n}\",\"4da3bd2b-4aaa-4d5b-a265-166347d70dd8\":\".eplus-kBVkA1 { \\n\\n}\",\"da914f30-b3eb-489b-a45a-ed978c07b9c8\":\".eplus-GmCzTj { \\n\\n}\",\"59b3ff90-d75d-430a-b788-58b3c92615dc\":\".eplus-KTC0vG { \\n\\n}\",\"6acd21a9-679f-4967-85b8-c4545810ec3b\":\".eplus-v2ZQKR { \\n\\n}\"}","editor_plus_custom_css_file_version":"latest-585","editor_plus_custom_styling_options_file_version":"latest-4192","editor_plus_custom_styling_options_css":"{\"b8ee7c49-8bca-4ede-9b84-3b83f45b16f9\":\"\",\"a8c685f2-7770-497d-95ad-3809c11de446\":\"\",\"18135496-98ff-43e6-aedf-38a94c43031f\":\"\",\"f49e9f51-ad8a-4859-86fd-7cd3dc713a97\":\"\",\"15efbcb5-30d2-4fec-ab03-29c9b27b7b2f\":\"\",\"2d0a4bcb-93e9-489d-a319-3d86bc69538c\":\"\",\"d6ae15ad-2f7a-440c-862d-d57dacfd7036\":\"\",\"70bcd5d2-572b-4744-8d2f-3705de5fef5d\":\"\",\"ca35bf93-f1de-4ac5-9135-3f4730b43366\":\"\",\"f5439b79-6e1f-4bd1-bcc2-80357f0ec05c\":\"\",\"1a2b3e43-bb53-4093-b3eb-05007905945f\":\"\",\"93a8b709-a89d-4bbb-bea6-aff15117c627\":\"\",\"df3ae8da-8c84-4e00-a993-d1c3ecb47bb4\":\"\",\"8ec279a4-7a96-49d9-93b8-467ed86f133a\":\"\",\"52ac2d92-24e8-4f5e-b214-da0a9e174f43\":\"\",\"b754b3aa-5f27-4832-8e88-7144e1235390\":\"\",\"3aa1b4e1-0519-42b1-bcb1-5416eee63c82\":\"\",\"277b501b-8bd8-45a5-bae9-6924ad50cdc1\":\"\",\"97350414-f0b8-44a4-b157-5fb066fe9cca\":\"\",\"8400e8e7-8c6e-473d-a7c8-3b402125e226\":\"\",\"d8de4c54-7b37-4b7a-88e9-44a69e050b38\":\"\",\"8e679765-77e7-4401-a0f1-11d90039a24f\":\"\",\"82455927-32a2-438e-b86f-5180292c28b3\":\"\",\"42381f0b-f4d3-41ff-9304-48c21bdbca8c\":\"\",\"a6669d59-ab9a-4102-89cf-612b84eaf3c5\":\"\",\"d57feaef-9ee4-42ab-958a-05257f005c4e\":\"\",\"fda4464b-7f1a-4b3f-b137-0197f01ed364\":\"\",\"9c6b937a-26c4-4b1a-ab1a-9727d4e3be7b\":\"\",\"a407109c-4c85-4c4d-b717-a99f8df6ce73\":\"\",\"4da3bd2b-4aaa-4d5b-a265-166347d70dd8\":\"\",\"da914f30-b3eb-489b-a45a-ed978c07b9c8\":\"\",\"59b3ff90-d75d-430a-b788-58b3c92615dc\":\"\",\"6acd21a9-679f-4967-85b8-c4545810ec3b\":\"\"}","editor_plus_copied_stylings":"{}","editor_plus_extended_blocks_css":"{}","editor_plus_post_options":"{}","ngg_post_thumbnail":0},"_links":{"self":[{"href":"https:\/\/www.jumelagecharenton.fr\/index.php\/wp-json\/wp\/v2\/pages\/41"}],"collection":[{"href":"https:\/\/www.jumelagecharenton.fr\/index.php\/wp-json\/wp\/v2\/pages"}],"about":[{"href":"https:\/\/www.jumelagecharenton.fr\/index.php\/wp-json\/wp\/v2\/types\/page"}],"author":[{"embeddable":true,"href":"https:\/\/www.jumelagecharenton.fr\/index.php\/wp-json\/wp\/v2\/users\/1"}],"replies":[{"embeddable":true,"href":"https:\/\/www.jumelagecharenton.fr\/index.php\/wp-json\/wp\/v2\/comments?post=41"}],"version-history":[{"count":72,"href":"https:\/\/www.jumelagecharenton.fr\/index.php\/wp-json\/wp\/v2\/pages\/41\/revisions"}],"predecessor-version":[{"id":2549,"href":"https:\/\/www.jumelagecharenton.fr\/index.php\/wp-json\/wp\/v2\/pages\/41\/revisions\/2549"}],"wp:attachment":[{"href":"https:\/\/www.jumelagecharenton.fr\/index.php\/wp-json\/wp\/v2\/media?parent=41"}],"curies":[{"name":"wp","href":"https:\/\/api.w.org\/{rel}","templated":true}]}}