


{"id":348,"date":"2021-06-28T09:35:33","date_gmt":"2021-06-28T07:35:33","guid":{"rendered":"http:\/\/localhost\/jumelage\/?page_id=348"},"modified":"2021-08-29T21:50:05","modified_gmt":"2021-08-29T19:50:05","slug":"partenaires","status":"publish","type":"page","link":"https:\/\/www.jumelagecharenton.fr\/index.php\/allemagne\/partenaires\/","title":{"rendered":"Partenaires"},"content":{"rendered":"\n<ul class=\"eplus-gxeU6S\"><li><strong><a aria-label=\" (opens in a new tab)\" href=\"https:\/\/www.charenton.fr\/\" target=\"_blank\" rel=\"noreferrer noopener\" class=\"ek-link\">Mairie de Charenton-le-Pont<\/a><\/strong> &#8211; 01 46 76 46 76 &#8211; <a aria-label=\" (opens in a new tab)\" href=\"https:\/\/www.facebook.com\/Charenton-le-Pont-184920091581523\" target=\"_blank\" rel=\"noreferrer noopener\" class=\"ek-link\">Page Facebook<\/a><\/li><li><strong><a aria-label=\" (opens in a new tab)\" href=\"https:\/\/www.notredamedesmissions.fr\/ https:\/\/www.facebook.com\/ndmissions\" target=\"_blank\" rel=\"noreferrer noopener\" class=\"ek-link\">Ensemble scolaire priv\u00e9 Notre-Dame des Missions Saint-Pierre<\/a><\/strong> &#8211; 01 43 68 05 28 &#8211; <a aria-label=\" (opens in a new tab)\" href=\"https:\/\/www.facebook.com\/ndmissions\" target=\"_blank\" rel=\"noreferrer noopener\" class=\"ek-link\">Page Facebook<\/a><\/li><li><strong><a aria-label=\" (opens in a new tab)\" href=\"https:\/\/www.lyceerobertschuman-charenton.fr\/\" target=\"_blank\" rel=\"noreferrer noopener\" class=\"ek-link\">Lyc\u00e9e polyvalent Robert Schuman<\/a><\/strong> &#8211; 01 43 96 44 66 &#8211; <a aria-label=\" (opens in a new tab)\" href=\"https:\/\/www.facebook.com\/pages\/Lyc%C3%A9e%20Polyvalent%20Robert%20Schuman\/247093039091192\/\" target=\"_blank\" rel=\"noreferrer noopener\" class=\"ek-link\">Page Facebook<\/a><\/li><li><strong><a aria-label=\" (opens in a new tab)\" href=\"http:\/\/www.clglacerisaie.net\/\" target=\"_blank\" rel=\"noreferrer noopener\" class=\"ek-link\">Coll\u00e8ge la Cerisaie<\/a><\/strong> &#8211; 01 43 76 86 02 &#8211; <a aria-label=\" (opens in a new tab)\" href=\"https:\/\/www.facebook.com\/clglacerisaie\/\" target=\"_blank\" rel=\"noreferrer noopener\" class=\"ek-link\">Page Facebook<\/a><\/li><li><a aria-label=\"\u00c9cole \u00e9l\u00e9mentaire Aristide Briand (opens in a new tab)\" href=\"https:\/\/www.education.gouv.fr\/annuaire\/094-val-de-marne\/charenton-le-pont\/etab\/ecole-elementaire-aristide-briand-b.html\" target=\"_blank\" rel=\"noreferrer noopener\" class=\"ek-link\"><strong>\u00c9cole \u00e9l\u00e9mentaire Aristide Briand<\/strong><\/a> &#8211; 01 46 76 44 31<\/li><li><strong><a href=\"https:\/\/www.bueren.de\" target=\"_blank\" aria-label=\"Stadt B\u00fcren (opens in a new tab)\" rel=\"noreferrer noopener\" class=\"ek-link\">Stadt B\u00fcren<\/a><\/strong> &#8211; <a href=\"https:\/\/www.facebook.com\/stadtbueren\" target=\"_blank\" aria-label=\"Page Facebook (opens in a new tab)\" rel=\"noreferrer noopener\" class=\"ek-link\">Page Facebook<\/a><\/li><li><strong><a href=\"https:\/\/www.berlin.de\/ba-tempelhof-schoeneberg\/\" target=\"_blank\" aria-label=\"Bezirksamt Tempelhof-Sch\u00f6neberg (opens in a new tab)\" rel=\"noreferrer noopener\" class=\"ek-link\">Bezirksamt Tempelhof-Sch\u00f6neberg<\/a><\/strong> &#8211; <a href=\"https:\/\/www.facebook.com\/BATempSch\" target=\"_blank\" aria-label=\"Page Facebook (opens in a new tab)\" rel=\"noreferrer noopener\" class=\"ek-link\">Page Facebook<\/a><\/li><li><strong><a href=\"https:\/\/www.ofaj.org\/\" target=\"_blank\" aria-label=\"OFAJ (Office Franco-Allemand pour la Jeunesse) (opens in a new tab)\" rel=\"noreferrer noopener\" class=\"ek-link\">OFAJ (Office Franco-Allemand pour la Jeunesse)<\/a><\/strong> &#8211; <a href=\"https:\/\/www.facebook.com\/ofaj.dfjw\" target=\"_blank\" aria-label=\"Page Facebook (opens in a new tab)\" rel=\"noreferrer noopener\" class=\"ek-link\">Page Facebook<\/a><\/li><li><strong><a href=\"https:\/\/www.maison-heinrich-heine.org\/\" target=\"_blank\" aria-label=\"Maison Heinrich Heine (opens in a new tab)\" rel=\"noreferrer noopener\" class=\"ek-link\">Maison Heinrich Heine<\/a><\/strong> &#8211; <a href=\"https:\/\/www.facebook.com\/MaisonHeinrichHeine\" target=\"_blank\" aria-label=\"Page Facebook (opens in a new tab)\" rel=\"noreferrer noopener\" class=\"ek-link\">Page Facebook<\/a><\/li><li><strong><a href=\"https:\/\/www.goethe.de\/ins\/fr\/de\/sta\/par.html?wt_sc=paris\" target=\"_blank\" aria-label=\"Goethe Institut Paris (opens in a new tab)\" rel=\"noreferrer noopener\" class=\"ek-link\">Goethe Institut Paris<\/a><\/strong> &#8211; <a href=\"https:\/\/www.facebook.com\/GoetheInstitutParis\" target=\"_blank\" aria-label=\"Page Facebook (opens in a new tab)\" rel=\"noreferrer noopener\" class=\"ek-link\">Page Facebook<\/a><\/li><\/ul>\n\n\n\n<div class=\"wp-block-group  eplus-9Vt3Bk\"><div class=\"wp-block-group__inner-container\">\n<p class=\"eplus-RS82zD\"><\/p>\n<\/div><\/div>\n\n\n\n<p class=\"eplus-sBTxeh\"><\/p>\n","protected":false},"excerpt":{"rendered":"<p>Mairie de Charenton-le-Pont &#8211; 01 46 76 46 76 &#8211; Page Facebook Ensemble scolaire priv\u00e9 Notre-Dame des Missions Saint-Pierre &#8211; 01 43 68 05 28 &#8211; Page Facebook Lyc\u00e9e polyvalent Robert Schuman &#8211; 01 43 96 44 66 &#8211; Page &hellip;<\/p>\n<p class=\"read-more\"> <a class=\"more-link\" href=\"https:\/\/www.jumelagecharenton.fr\/index.php\/allemagne\/partenaires\/\"> <span class=\"screen-reader-text\">Partenaires<\/span> Read More &raquo;<\/a><\/p>\n","protected":false},"author":1,"featured_media":0,"parent":29,"menu_order":7,"comment_status":"closed","ping_status":"closed","template":"full-width-page.php","meta":{"editor_plus_custom_animation_option_css":"{}","_editorskit_title_hidden":false,"_editorskit_reading_time":1,"_editorskit_typography_data":[],"_editorskit_blocks_typography":"","editor_plus_custom_css":"{\"c30df0c4-d56b-4e83-8662-56f5227915f4\":\".eplus-sBTxeh { \\n\\n}\",\"962db412-3348-4fff-b0da-49ca92d6a050\":\".eplus-gxeU6S { \\n\\n}\",\"6cda1f34-3156-413b-b1df-a0266c4d7655\":\".eplus-9Vt3Bk { \\n\\n}\",\"a96f0428-ae59-4be5-8e6a-f3a04d9b3553\":\".eplus-RS82zD { \\n\\n}\"}","editor_plus_custom_css_file_version":"latest-574","editor_plus_custom_styling_options_file_version":"latest-6576","editor_plus_custom_styling_options_css":"{\"c30df0c4-d56b-4e83-8662-56f5227915f4\":\"\",\"962db412-3348-4fff-b0da-49ca92d6a050\":\"\",\"6cda1f34-3156-413b-b1df-a0266c4d7655\":\"\",\"a96f0428-ae59-4be5-8e6a-f3a04d9b3553\":\"\"}","editor_plus_copied_stylings":"{}","editor_plus_extended_blocks_css":"{}","editor_plus_post_options":"{}","ngg_post_thumbnail":0},"_links":{"self":[{"href":"https:\/\/www.jumelagecharenton.fr\/index.php\/wp-json\/wp\/v2\/pages\/348"}],"collection":[{"href":"https:\/\/www.jumelagecharenton.fr\/index.php\/wp-json\/wp\/v2\/pages"}],"about":[{"href":"https:\/\/www.jumelagecharenton.fr\/index.php\/wp-json\/wp\/v2\/types\/page"}],"author":[{"embeddable":true,"href":"https:\/\/www.jumelagecharenton.fr\/index.php\/wp-json\/wp\/v2\/users\/1"}],"replies":[{"embeddable":true,"href":"https:\/\/www.jumelagecharenton.fr\/index.php\/wp-json\/wp\/v2\/comments?post=348"}],"version-history":[{"count":2,"href":"https:\/\/www.jumelagecharenton.fr\/index.php\/wp-json\/wp\/v2\/pages\/348\/revisions"}],"predecessor-version":[{"id":985,"href":"https:\/\/www.jumelagecharenton.fr\/index.php\/wp-json\/wp\/v2\/pages\/348\/revisions\/985"}],"up":[{"embeddable":true,"href":"https:\/\/www.jumelagecharenton.fr\/index.php\/wp-json\/wp\/v2\/pages\/29"}],"wp:attachment":[{"href":"https:\/\/www.jumelagecharenton.fr\/index.php\/wp-json\/wp\/v2\/media?parent=348"}],"curies":[{"name":"wp","href":"https:\/\/api.w.org\/{rel}","templated":true}]}}