


{"id":310,"date":"2021-06-24T16:30:09","date_gmt":"2021-06-24T14:30:09","guid":{"rendered":"http:\/\/localhost\/jumelage\/?page_id=310"},"modified":"2025-08-05T22:07:12","modified_gmt":"2025-08-05T20:07:12","slug":"contact","status":"publish","type":"page","link":"https:\/\/www.jumelagecharenton.fr\/index.php\/grande-bretagne\/contact\/","title":{"rendered":"Contacts"},"content":{"rendered":"\n<p class=\"has-text-align-center eplus-p2wFT4\">Renseignement sur les activit\u00e9s de la section Angleterre tout au long de l&rsquo;ann\u00e9e ( cours, conf\u00e9rences, r\u00e9unions &#8230;) :<\/p>\n\n\n\n<div class=\"wp-block-group eplus-i3PmFK contactgrp\"><div class=\"wp-block-group__inner-container\"><div class=\"infobox\"><h2>Pr\u00e9sident<\/h2><span class=\"contactname\">Philippe Troubat<\/span><div class=\"infos\"><span class=\"material-icons\">call<\/span><span>06 87 77 08 07<\/span><\/div>\n\t\t<div class=\"infos\"><span class=\"material-icons\">email<\/span><span>charenton.trowbridge@gmail.com<\/span><\/div>\n\t\t<div class=\"btnright\"><a href=\"mailto:charenton.trowbridge@gmail.com\"><button>Contacter<\/button><\/a><\/div>\n\t\t<\/div>\n\n\n<div class=\"infobox\"><h2>B\u00e9n\u00e9vole<\/h2><span class=\"contactname\">Lucien Lellouch<\/span><div class=\"infos\"><span class=\"material-icons\">call<\/span><span>06 16 10 58 20<\/span><\/div>\n\t\t<div class=\"infos\"><span class=\"material-icons\">email<\/span><span>charenton.trowbridge@gmail.com<\/span><\/div>\n\t\t<div class=\"btnright\"><a href=\"mailto:charenton.trowbridge@gmail.com\"><button>Contacter<\/button><\/a><\/div>\n\t\t<\/div>\n<\/div><\/div>\n\n\n\n<div style=\"height:42px\" aria-hidden=\"true\" class=\"wp-block-spacer eplus-b3DU1C\"><\/div>\n\n\n\n<div class=\"wp-block-group eplus-MzpFxg facebooklink\"><div class=\"wp-block-group__inner-container\">\n<div class=\"wp-block-group eplus-b20yx7\"><div class=\"wp-block-group__inner-container\">\n<div class=\"ep_icon__99ae9d5e-8e28-48c4-9178-00702a6e5458 undefined\"><div class=\"ep_icon_wrapper\"><span class=\"eplusicon-facebook-official\"><\/span><\/div><\/div>.eplus_styles .ep_icon__99ae9d5e-8e28-48c4-9178-00702a6e5458 .ep_icon_wrapper {\n                \n                text-align: center;\n            }.eplus_styles .ep_icon__99ae9d5e-8e28-48c4-9178-00702a6e5458 .ep_icon_wrapper span {\n                \n                color: rgba(15, 128, 204, 1);\n            }.eplus_styles .ep_icon__99ae9d5e-8e28-48c4-9178-00702a6e5458 .ep_icon_wrapper span {\n                \n                font-size: 24px ;\n            }.eplus_styles .ep_icon__99ae9d5e-8e28-48c4-9178-00702a6e5458 .ep_icon_wrapper span {\n                \n                padding-top: 15px ;\npadding-right: 15px ;\npadding-bottom: 15px ;\npadding-left: 15px ;\n            }\n<\/div><\/div>\n\n\n\n<p class=\"has-text-align-center eplus-RMzAA2\"><a href=\"https:\/\/www.facebook.com\/Charenton.Trowbridge\" target=\"_blank\" aria-label=\"Page Facebook du comit\u00e9 Angleterre (opens in a new tab)\" rel=\"noreferrer noopener\" class=\"ek-link\">Page Facebook du comit\u00e9 Angleterre<\/a><\/p>\n<\/div><\/div>\n","protected":false},"excerpt":{"rendered":"<p>Renseignement sur les activit\u00e9s de la section Angleterre tout au long de l&rsquo;ann\u00e9e ( cours, conf\u00e9rences, r\u00e9unions &#8230;) :<\/p>\n","protected":false},"author":1,"featured_media":0,"parent":81,"menu_order":6,"comment_status":"closed","ping_status":"closed","template":"full-width-page.php","meta":{"editor_plus_custom_animation_option_css":"{}","_editorskit_title_hidden":false,"_editorskit_reading_time":1,"_editorskit_typography_data":[],"_editorskit_blocks_typography":"","editor_plus_custom_css":"{\"e29c32f3-1368-4e2b-a9ae-7d2d1608fc1d\":\".eplus-p2wFT4 { \\n\\n}\",\"b08b56a2-984f-47c5-9dbc-058165862ef8\":\".eplus-b68BXw { \\n\\n}\",\"13d7eb01-ce35-42c5-acba-8dae87ef6bc7\":\".eplus-2yiY8H { \\n\\n}\",\"ccea1b01-fcb8-4cff-b417-7dba97421a85\":\".eplus-i3PmFK.contactgrp { \\n\\n}\",\"19eb71d2-f25f-46f8-b129-9fc37ab1c600\":\".eplus-b3DU1C { \\n\\n}\",\"44048325-6be2-4181-9428-8e805dcac369\":\".eplus-b20yx7 { \\n\\n}\",\"29611372-dca1-4ad3-b884-84f978fc17d2\":\".eplus-RMzAA2 { \\n\\n}\",\"1258baaa-7a1f-4f95-8ffc-62ef6f8a19ad\":\".eplus-MzpFxg.facebooklink { \\n}\"}","editor_plus_custom_css_file_version":"latest-126","editor_plus_custom_styling_options_file_version":"latest-585","editor_plus_custom_styling_options_css":"{\"e29c32f3-1368-4e2b-a9ae-7d2d1608fc1d\":\"\",\"b08b56a2-984f-47c5-9dbc-058165862ef8\":\"\",\"13d7eb01-ce35-42c5-acba-8dae87ef6bc7\":\"\",\"ccea1b01-fcb8-4cff-b417-7dba97421a85\":\"\",\"19eb71d2-f25f-46f8-b129-9fc37ab1c600\":\"\",\"44048325-6be2-4181-9428-8e805dcac369\":\"\",\"29611372-dca1-4ad3-b884-84f978fc17d2\":\"\",\"1258baaa-7a1f-4f95-8ffc-62ef6f8a19ad\":\".eplus_styles .eplus-MzpFxg {\\n                position: relative;\\n                display: flex;\\n            }\"}","editor_plus_copied_stylings":"{}","editor_plus_extended_blocks_css":"{}","editor_plus_post_options":"{}","ngg_post_thumbnail":0},"_links":{"self":[{"href":"https:\/\/www.jumelagecharenton.fr\/index.php\/wp-json\/wp\/v2\/pages\/310"}],"collection":[{"href":"https:\/\/www.jumelagecharenton.fr\/index.php\/wp-json\/wp\/v2\/pages"}],"about":[{"href":"https:\/\/www.jumelagecharenton.fr\/index.php\/wp-json\/wp\/v2\/types\/page"}],"author":[{"embeddable":true,"href":"https:\/\/www.jumelagecharenton.fr\/index.php\/wp-json\/wp\/v2\/users\/1"}],"replies":[{"embeddable":true,"href":"https:\/\/www.jumelagecharenton.fr\/index.php\/wp-json\/wp\/v2\/comments?post=310"}],"version-history":[{"count":13,"href":"https:\/\/www.jumelagecharenton.fr\/index.php\/wp-json\/wp\/v2\/pages\/310\/revisions"}],"predecessor-version":[{"id":2939,"href":"https:\/\/www.jumelagecharenton.fr\/index.php\/wp-json\/wp\/v2\/pages\/310\/revisions\/2939"}],"up":[{"embeddable":true,"href":"https:\/\/www.jumelagecharenton.fr\/index.php\/wp-json\/wp\/v2\/pages\/81"}],"wp:attachment":[{"href":"https:\/\/www.jumelagecharenton.fr\/index.php\/wp-json\/wp\/v2\/media?parent=310"}],"curies":[{"name":"wp","href":"https:\/\/api.w.org\/{rel}","templated":true}]}}