


{"id":306,"date":"2021-06-24T16:29:22","date_gmt":"2021-06-24T14:29:22","guid":{"rendered":"http:\/\/localhost\/jumelage\/?page_id=306"},"modified":"2025-08-07T14:40:39","modified_gmt":"2025-08-07T12:40:39","slug":"cours-de-langues","status":"publish","type":"page","link":"https:\/\/www.jumelagecharenton.fr\/index.php\/grande-bretagne\/cours-de-langues\/","title":{"rendered":"Cours d&rsquo;Anglais"},"content":{"rendered":"\n<div class=\"wp-block-media-text alignwide is-stacked-on-mobile eplus-u9M5jt\" style=\"grid-template-columns:25% auto\"><figure class=\"wp-block-media-text__media\"><img loading=\"lazy\" width=\"808\" height=\"800\" src=\"http:\/\/www.jumelagecharenton.fr\/wp-content\/uploads\/angletter_carte.png\" alt=\"\" class=\"wp-image-469 size-full\" srcset=\"https:\/\/www.jumelagecharenton.fr\/wp-content\/uploads\/angletter_carte.png 808w, https:\/\/www.jumelagecharenton.fr\/wp-content\/uploads\/angletter_carte-300x297.png 300w, https:\/\/www.jumelagecharenton.fr\/wp-content\/uploads\/angletter_carte-150x149.png 150w, https:\/\/www.jumelagecharenton.fr\/wp-content\/uploads\/angletter_carte-768x760.png 768w, https:\/\/www.jumelagecharenton.fr\/wp-content\/uploads\/angletter_carte-100x99.png 100w, https:\/\/www.jumelagecharenton.fr\/wp-content\/uploads\/angletter_carte-200x198.png 200w, https:\/\/www.jumelagecharenton.fr\/wp-content\/uploads\/angletter_carte-450x446.png 450w, https:\/\/www.jumelagecharenton.fr\/wp-content\/uploads\/angletter_carte-600x594.png 600w\" sizes=\"(max-width: 808px) 100vw, 808px\" \/><\/figure><div class=\"wp-block-media-text__content\">\n<h1 class=\"eplus-1grPmv\"><strong>Cours pour adultes<\/strong><\/h1>\n\n\n\n<h2 class=\"eplus-BB6Jbu\">Horaires : <\/h2>\n\n\n\n<p class=\"eplus-t3TYy6\"><strong>D\u00e9battre en anglais :<\/strong> lundi 19h00 \u00e0 20h30<\/p>\n\n\n\n<p class=\"eplus-5xoWTx\"><strong>Interm\u00e9diaires<\/strong> : Jeudi 18h30 \u00e0 19h30<\/p>\n\n\n\n<p class=\"eplus-kgtJqE\"><strong>Atelier th\u00e9\u00e2tre :<\/strong> Jeudi 19h30 \u00e0 20h00 <em>(r\u00e9serv\u00e9 aux participants au cours interm\u00e9diaires ou interm\u00e9diaires avanc\u00e9s<\/em>)<\/p>\n\n\n\n<p class=\"eplus-6R69w2\"><strong><strong>Interm\u00e9diaires<\/strong> forts \/ Avanc\u00e9s<\/strong>: Jeudi 20h00 \u00e0 21h00<\/p>\n\n\n\n<div style=\"height:23px\" aria-hidden=\"true\" class=\"wp-block-spacer eplus-qyqArN\"><\/div>\n\n\n\n<h2 class=\"eplus-v67Dm8\">Tarifs :<\/h2>\n\n\n\n<p class=\"eplus-gHPInS\">Cours : 130 \u20ac l&rsquo;ann\u00e9e + 20 \u20ac d&rsquo;adh\u00e9sion \u00e0 l&rsquo;association<\/p>\n\n\n\n<p class=\"eplus-IStn86\"> Atelier th\u00e9\u00e2tre : 40 \u20ac + 20 \u20ac d&rsquo;adh\u00e9sion \u00e0 l&rsquo;association<\/p>\n\n\n\n<p class=\"eplus-YspcRm\">Atelier \u00ab\u00a0d\u00e9battre en anglais\u00a0\u00bb : 160 \u20ac + 20 \u20ac d&rsquo;adh\u00e9sion \u00e0 l&rsquo;association<\/p>\n<\/div><\/div>\n\n\n\n<div style=\"height:57px\" aria-hidden=\"true\" class=\"wp-block-spacer eplus-hqhLI8\"><\/div>\n\n\n\n<div class=\"wp-block-media-text alignwide is-stacked-on-mobile eplus-WRof6R\" style=\"grid-template-columns:25% auto\"><figure class=\"wp-block-media-text__media\"><img loading=\"lazy\" width=\"808\" height=\"800\" src=\"http:\/\/www.jumelagecharenton.fr\/wp-content\/uploads\/angletter_carte.png\" alt=\"\" class=\"wp-image-469 size-full\" srcset=\"https:\/\/www.jumelagecharenton.fr\/wp-content\/uploads\/angletter_carte.png 808w, https:\/\/www.jumelagecharenton.fr\/wp-content\/uploads\/angletter_carte-300x297.png 300w, https:\/\/www.jumelagecharenton.fr\/wp-content\/uploads\/angletter_carte-150x149.png 150w, https:\/\/www.jumelagecharenton.fr\/wp-content\/uploads\/angletter_carte-768x760.png 768w, https:\/\/www.jumelagecharenton.fr\/wp-content\/uploads\/angletter_carte-100x99.png 100w, https:\/\/www.jumelagecharenton.fr\/wp-content\/uploads\/angletter_carte-200x198.png 200w, https:\/\/www.jumelagecharenton.fr\/wp-content\/uploads\/angletter_carte-450x446.png 450w, https:\/\/www.jumelagecharenton.fr\/wp-content\/uploads\/angletter_carte-600x594.png 600w\" sizes=\"(max-width: 808px) 100vw, 808px\" \/><\/figure><div class=\"wp-block-media-text__content\">\n<h1 class=\"eplus-JE78mh\"><strong>Cours pour enfants (CM2 &#8211; CM1)<\/strong><\/h1>\n\n\n\n<h2 class=\"eplus-QZH1Jl\">Horaires : <\/h2>\n\n\n\n<p class=\"eplus-ojJa4T\"><strong>Samedi :<\/strong> 10h30 \u00e0 11h30 <\/p>\n\n\n\n<h2 class=\"eplus-Vp8kuf\">Tarifs :<\/h2>\n\n\n\n<p class=\"eplus-S7KmOB\">100 \u20ac + 30 \u20ac d&rsquo;adh\u00e9sion \u00e0 l&rsquo;association (adh\u00e9sion famille)<\/p>\n\n\n\n<p class=\"eplus-Y85JvE\"><\/p>\n<\/div><\/div>\n\n\n\n<div style=\"height:57px\" aria-hidden=\"true\" class=\"wp-block-spacer eplus-0r72zc\"><\/div>\n\n\n\n<p class=\"has-text-align-center eplus-oOm8ac\"><\/p>\n\n\n\n<div style=\"height:57px\" aria-hidden=\"true\" class=\"wp-block-spacer eplus-OP39Y5\"><\/div>\n\n\n\n<div class=\"wp-block-buttons alignwide is-content-justification-center eplus-vxS9Fs\">\n<div class=\"wp-block-button eplus-TMv7ov\"><a class=\"wp-block-button__link\" href=\"http:\/\/www.jumelagecharenton.fr\/index.php\/grande-bretagne\/contact\/\" target=\"_blank\" rel=\"noreferrer noopener\">Nous contacter<\/a><\/div>\n<\/div>\n","protected":false},"excerpt":{"rendered":"<p>Cours pour enfants (CM2 &#8211; CM1) Horaires : Samedi : 10h30 \u00e0 11h30 Tarifs : 100 \u20ac + 30 \u20ac d&rsquo;adh\u00e9sion \u00e0 l&rsquo;association (adh\u00e9sion famille)<\/p>\n","protected":false},"author":1,"featured_media":0,"parent":81,"menu_order":4,"comment_status":"closed","ping_status":"closed","template":"","meta":{"editor_plus_custom_animation_option_css":"{}","_editorskit_title_hidden":false,"_editorskit_reading_time":1,"_editorskit_typography_data":[],"_editorskit_blocks_typography":"","editor_plus_custom_css":"{\"680337b4-c307-469d-b00f-f09dd35f3ea4\":\".eplus-1grPmv { \\n\\n}\",\"599f7a50-fca4-4922-934d-08d7ce97f5f6\":\".eplus-BB6Jbu { \\n\\n}\",\"55f708c3-5a0a-4529-99e7-613d07e68ecf\":\".eplus-t3TYy6 { \\n\\n}\",\"80834075-f312-4364-9142-8171264a3f12\":\".eplus-5xoWTx { \\n\\n}\",\"b4574d85-7503-4b7f-b832-d8a32f15eae2\":\".eplus-kgtJqE { \\n\\n}\",\"eb86f5cc-fab4-41e5-b94a-81ee7fdd24d3\":\".eplus-6R69w2 { \\n\\n}\",\"91f441c4-9ec3-4d1f-ba75-7bb44894a93c\":\".eplus-qyqArN { \\n\\n}\",\"a5b79d50-cbbd-4af3-956b-0865d255bdea\":\".eplus-v67Dm8 { \\n\\n}\",\"f8688646-2105-4344-8505-af9a0d5348bc\":\".eplus-gHPInS { \\n\\n}\",\"b1e16271-681b-450a-b368-96be27dcabf5\":\".eplus-IStn86 { \\n\\n}\",\"68bfab9e-bc36-4499-9d8f-9fa0a42c9b59\":\".eplus-YspcRm { \\n\\n}\",\"9dad9514-56ec-4d24-bbf4-05ef82ca0937\":\".eplus-u9M5jt { \\n\\n}\",\"04ca56c8-7620-4075-91b0-6a87906f0c2b\":\".eplus-hqhLI8 { \\n\\n}\",\"da42d5c4-eeeb-4670-a3e2-5996b653ce8f\":\".eplus-JE78mh { \\n\\n}\",\"6de09b6f-dbb6-4c98-9d0b-07785ec4205e\":\".eplus-QZH1Jl { \\n\\n}\",\"49c56bfe-3b47-4b57-a20f-8ebf771aa5e3\":\".eplus-ojJa4T { \\n\\n}\",\"1e43a0ea-4471-49fe-bf1b-9bf2fd33be37\":\".eplus-Vp8kuf { \\n\\n}\",\"6898ac02-c6bd-4f2a-8994-b08aefa909ec\":\".eplus-S7KmOB { \\n\\n}\",\"a7c505d3-65c3-4392-9d55-747b93c11120\":\".eplus-Y85JvE { \\n\\n}\",\"a8b98e5e-c54e-4636-b75e-f11c59b51b18\":\".eplus-WRof6R { \\n\\n}\",\"968391e4-0507-4ad8-ba49-cfe086893b2a\":\".eplus-0r72zc { \\n\\n}\",\"e452d4cc-13f4-4111-a81b-9c94b73343a0\":\".eplus-oOm8ac { \\n\\n}\",\"89d11c9e-1faf-4a77-a0c7-aa467922b6cf\":\".eplus-OP39Y5 { \\n\\n}\",\"e011a002-70a4-4dc1-a900-3b6e53583c68\":\".eplus-TMv7ov { \\n\\n}\",\"ad29a8e2-a5e4-4005-a166-3d218e9bce00\":\".eplus-vxS9Fs { \\n\\n}\"}","editor_plus_custom_css_file_version":"latest-411","editor_plus_custom_styling_options_file_version":"latest-8300","editor_plus_custom_styling_options_css":"{\"680337b4-c307-469d-b00f-f09dd35f3ea4\":\"\",\"599f7a50-fca4-4922-934d-08d7ce97f5f6\":\"\",\"55f708c3-5a0a-4529-99e7-613d07e68ecf\":\"\",\"80834075-f312-4364-9142-8171264a3f12\":\"\",\"b4574d85-7503-4b7f-b832-d8a32f15eae2\":\"\",\"eb86f5cc-fab4-41e5-b94a-81ee7fdd24d3\":\"\",\"91f441c4-9ec3-4d1f-ba75-7bb44894a93c\":\"\",\"a5b79d50-cbbd-4af3-956b-0865d255bdea\":\"\",\"f8688646-2105-4344-8505-af9a0d5348bc\":\"\",\"b1e16271-681b-450a-b368-96be27dcabf5\":\"\",\"68bfab9e-bc36-4499-9d8f-9fa0a42c9b59\":\"\",\"9dad9514-56ec-4d24-bbf4-05ef82ca0937\":\"\",\"04ca56c8-7620-4075-91b0-6a87906f0c2b\":\"\",\"da42d5c4-eeeb-4670-a3e2-5996b653ce8f\":\"\",\"6de09b6f-dbb6-4c98-9d0b-07785ec4205e\":\"\",\"49c56bfe-3b47-4b57-a20f-8ebf771aa5e3\":\"\",\"1e43a0ea-4471-49fe-bf1b-9bf2fd33be37\":\"\",\"6898ac02-c6bd-4f2a-8994-b08aefa909ec\":\"\",\"a7c505d3-65c3-4392-9d55-747b93c11120\":\"\",\"a8b98e5e-c54e-4636-b75e-f11c59b51b18\":\"\",\"968391e4-0507-4ad8-ba49-cfe086893b2a\":\"\",\"e452d4cc-13f4-4111-a81b-9c94b73343a0\":\"\",\"89d11c9e-1faf-4a77-a0c7-aa467922b6cf\":\"\",\"e011a002-70a4-4dc1-a900-3b6e53583c68\":\"\",\"ad29a8e2-a5e4-4005-a166-3d218e9bce00\":\"\"}","editor_plus_copied_stylings":"{}","editor_plus_extended_blocks_css":"{}","editor_plus_post_options":"{}","ngg_post_thumbnail":0},"_links":{"self":[{"href":"https:\/\/www.jumelagecharenton.fr\/index.php\/wp-json\/wp\/v2\/pages\/306"}],"collection":[{"href":"https:\/\/www.jumelagecharenton.fr\/index.php\/wp-json\/wp\/v2\/pages"}],"about":[{"href":"https:\/\/www.jumelagecharenton.fr\/index.php\/wp-json\/wp\/v2\/types\/page"}],"author":[{"embeddable":true,"href":"https:\/\/www.jumelagecharenton.fr\/index.php\/wp-json\/wp\/v2\/users\/1"}],"replies":[{"embeddable":true,"href":"https:\/\/www.jumelagecharenton.fr\/index.php\/wp-json\/wp\/v2\/comments?post=306"}],"version-history":[{"count":10,"href":"https:\/\/www.jumelagecharenton.fr\/index.php\/wp-json\/wp\/v2\/pages\/306\/revisions"}],"predecessor-version":[{"id":2942,"href":"https:\/\/www.jumelagecharenton.fr\/index.php\/wp-json\/wp\/v2\/pages\/306\/revisions\/2942"}],"up":[{"embeddable":true,"href":"https:\/\/www.jumelagecharenton.fr\/index.php\/wp-json\/wp\/v2\/pages\/81"}],"wp:attachment":[{"href":"https:\/\/www.jumelagecharenton.fr\/index.php\/wp-json\/wp\/v2\/media?parent=306"}],"curies":[{"name":"wp","href":"https:\/\/api.w.org\/{rel}","templated":true}]}}