


{"id":220,"date":"2021-06-22T14:58:55","date_gmt":"2021-06-22T12:58:55","guid":{"rendered":"http:\/\/localhost\/jumelage\/?page_id=220"},"modified":"2025-09-16T13:20:35","modified_gmt":"2025-09-16T11:20:35","slug":"cours-de-langues","status":"publish","type":"page","link":"https:\/\/www.jumelagecharenton.fr\/index.php\/allemagne\/cours-de-langues\/","title":{"rendered":"Cours d&rsquo;allemand"},"content":{"rendered":"\n<div style=\"height:57px\" aria-hidden=\"true\" class=\"wp-block-spacer eplus-hqhLI8\"><\/div>\n\n\n\n<div class=\"wp-block-media-text alignwide is-stacked-on-mobile eplus-u9M5jt\" style=\"grid-template-columns:35% auto\"><figure class=\"wp-block-media-text__media\"><img loading=\"lazy\" width=\"813\" height=\"800\" src=\"http:\/\/www.jumelagecharenton.fr\/wp-content\/uploads\/carte_allemagne.png\" alt=\"\" class=\"wp-image-460 size-full\" srcset=\"https:\/\/www.jumelagecharenton.fr\/wp-content\/uploads\/carte_allemagne.png 813w, https:\/\/www.jumelagecharenton.fr\/wp-content\/uploads\/carte_allemagne-300x295.png 300w, https:\/\/www.jumelagecharenton.fr\/wp-content\/uploads\/carte_allemagne-768x756.png 768w, https:\/\/www.jumelagecharenton.fr\/wp-content\/uploads\/carte_allemagne-100x98.png 100w, https:\/\/www.jumelagecharenton.fr\/wp-content\/uploads\/carte_allemagne-150x148.png 150w, https:\/\/www.jumelagecharenton.fr\/wp-content\/uploads\/carte_allemagne-200x197.png 200w, https:\/\/www.jumelagecharenton.fr\/wp-content\/uploads\/carte_allemagne-450x443.png 450w, https:\/\/www.jumelagecharenton.fr\/wp-content\/uploads\/carte_allemagne-600x590.png 600w\" sizes=\"(max-width: 813px) 100vw, 813px\" \/><\/figure><div class=\"wp-block-media-text__content\">\n<h2 class=\"eplus-0h2Unh\">Horaires : <\/h2>\n\n\n\n<p class=\"eplus-mi5S5r\"><strong>Nouveau <\/strong>: Cours pour coll\u00e9giens ou lyc\u00e9ens : Mercredi de 17h00 \u00e0 18h00 *<br><strong>D\u00e9butants<\/strong> : Mercredi de 18h00 \u00e0 19h00<br><strong>Interm\u00e9diaire<\/strong>s : Mercredi de 19h00 \u00e0 20h30<br><strong>Avanc\u00e9s<\/strong> : Jeudi de 18h30 \u00e0 20h00<\/p>\n\n\n\n<ul class=\"eplus-r5fkON\"><li><em>* Le Comit\u00e9 de jumelage se r\u00e9serve la possibilit\u00e9 de ne pas maintenir ces cours si le nombre de participants s&rsquo;av\u00e8re insuffisant<\/em><\/li><\/ul>\n\n\n\n<p class=\"eplus-9xVFUz\">-&gt; Salle des associations, 33 quai des Carri\u00e8res \u00e0 Charenton (1er \u00e9tage)<\/p>\n\n\n\n<h4 class=\"eplus-8IkTW1\"><span data-style=\"{&quot;enabled&quot;:false,&quot;color&quot;:&quot;&quot;,&quot;iconBackground&quot;:false,&quot;activeIcon&quot;:&quot;&quot;,&quot;iconBackgroundColor&quot;:&quot;&quot;,&quot;iconBorder&quot;:false,&quot;iconBorderColor&quot;:&quot;&quot;,&quot;iconBorderRadius&quot;:0}\" style=\"border-radius:0px;\" class=\"eplus-icon eplusicon-arrow-right1\"><\/span> Reprise des cours mercredi 24 septembre \u00e0 18h30,<br>   avec l&rsquo;organisation d&rsquo;un pot de bienvenue<\/h4>\n\n\n\n<div style=\"height:23px\" aria-hidden=\"true\" class=\"wp-block-spacer eplus-qyqArN\"><\/div>\n\n\n\n<h2 class=\"eplus-v67Dm8\">Tarifs :<\/h2>\n\n\n\n<p class=\"eplus-gHPInS\">D\u00e9butants :<br>120 \u20ac \u00e0 l&rsquo;ann\u00e9e<br>20\u20ac pour l&rsquo;adh\u00e9sion \u00e0 l&rsquo;association<br><br>Interm\u00e9diaires et avanc\u00e9s :<br>180 \u20ac l&rsquo;ann\u00e9e<br>+ 20\u20ac pour l&rsquo;adh\u00e9sion \u00e0 l&rsquo;association<\/p>\n\n\n\n<ul class=\"eplus-pQCcHK\"><li><a href=\"http:\/\/www.jumelagecharenton.fr\/wp-content\/uploads\/ALL_InscCCours_2025_2026.pdf\" target=\"_blank\" aria-label=\" (opens in a new tab)\" rel=\"noreferrer noopener\" class=\"ek-link\">Formulaire d&rsquo;inscription aux cours<\/a><\/li><li><a href=\"http:\/\/www.jumelagecharenton.fr\/wp-content\/uploads\/ALL_Adhesion_2025_2026.pdf\" target=\"_blank\" aria-label=\" (opens in a new tab)\" rel=\"noreferrer noopener\" class=\"ek-link\">Formulaire d&rsquo;adh\u00e9sion \u00e0 l&rsquo;association<\/a><\/li><li><a href=\"http:\/\/www.jumelagecharenton.fr\/wp-content\/uploads\/ALL_TarifsCours_2025_2026.pdf\" target=\"_blank\" aria-label=\" (opens in a new tab)\" rel=\"noreferrer noopener\" class=\"ek-link\">D\u00e9tails des cours et tarifs<\/a><\/li><\/ul>\n<\/div><\/div>\n\n\n\n<div style=\"height:57px\" aria-hidden=\"true\" class=\"wp-block-spacer eplus-p6O4ly\"><\/div>\n\n\n\n<div class=\"wp-block-buttons alignwide is-content-justification-center eplus-vxS9Fs\">\n<div class=\"wp-block-button eplus-TMv7ov\"><a class=\"wp-block-button__link\" href=\"http:\/\/www.jumelagecharenton.fr\/index.php\/allemagne\/contact\/\">Nous contacter<\/a><\/div>\n<\/div>\n","protected":false},"excerpt":{"rendered":"","protected":false},"author":1,"featured_media":0,"parent":29,"menu_order":4,"comment_status":"closed","ping_status":"closed","template":"","meta":{"editor_plus_custom_animation_option_css":"{}","_editorskit_title_hidden":false,"_editorskit_reading_time":1,"_editorskit_typography_data":[],"_editorskit_blocks_typography":"","editor_plus_custom_css":"{\"b87e2f47-25cc-4059-9e15-c5f49d426a64\":\".eplus-hqhLI8 { \\n\\n}\",\"590898a2-522d-49df-94e4-c4aa8f4c1cb4\":\".eplus-0h2Unh { \\n\\n}\",\"40e991ec-32c9-4696-911f-bc90b1a6c729\":\".eplus-mi5S5r { \\n\\n}\",\"518df176-3de5-49e9-87eb-c54b3b6a8538\":\".eplus-r5fkON { \\n\\n}\",\"910b1d47-04b2-41a0-8834-b3c085e28d38\":\".eplus-9xVFUz { \\n\\n}\",\"5dce963e-bcaf-49a6-a286-bc3bad9e626e\":\".eplus-8IkTW1 { \\n\\n}\",\"e16872f1-17f7-4a4d-b72e-b80048b08bcc\":\".eplus-qyqArN { \\n\\n}\",\"184b7cad-d480-42e1-86ba-7d80ae088991\":\".eplus-v67Dm8 { \\n\\n}\",\"563fe090-f944-408a-bf82-525009701a7b\":\".eplus-gHPInS { \\n\\n}\",\"329a9c4a-7c7f-4bbe-82f8-ec93b997d75a\":\".eplus-pQCcHK { \\n\\n}\",\"fd70c34d-6319-4dfe-ba61-bb7d29ce0021\":\".eplus-u9M5jt { \\n\\n}\",\"a13d5388-47f1-4111-bee3-ee53b082e239\":\".eplus-p6O4ly { \\n\\n}\",\"d06889ca-8354-4643-8b5a-e891c42ab321\":\".eplus-TMv7ov { \\n\\n}\",\"bfff4f26-d9a1-4827-b9c1-764b20985d7d\":\".eplus-vxS9Fs { \\n\\n}\"}","editor_plus_custom_css_file_version":"latest-908","editor_plus_custom_styling_options_file_version":"latest-9288","editor_plus_custom_styling_options_css":"{\"b87e2f47-25cc-4059-9e15-c5f49d426a64\":\"\",\"590898a2-522d-49df-94e4-c4aa8f4c1cb4\":\"\",\"40e991ec-32c9-4696-911f-bc90b1a6c729\":\"\",\"518df176-3de5-49e9-87eb-c54b3b6a8538\":\"\",\"910b1d47-04b2-41a0-8834-b3c085e28d38\":\"\",\"5dce963e-bcaf-49a6-a286-bc3bad9e626e\":\".eplus_styles .eplus-8IkTW1 {\\n                position: relative;\\n                background-image: linear-gradient(rgba(242, 231, 98, 1), rgba(242, 231, 98, 1));\\n            }\",\"e16872f1-17f7-4a4d-b72e-b80048b08bcc\":\"\",\"184b7cad-d480-42e1-86ba-7d80ae088991\":\"\",\"563fe090-f944-408a-bf82-525009701a7b\":\"\",\"329a9c4a-7c7f-4bbe-82f8-ec93b997d75a\":\"\",\"fd70c34d-6319-4dfe-ba61-bb7d29ce0021\":\"\",\"a13d5388-47f1-4111-bee3-ee53b082e239\":\"\",\"d06889ca-8354-4643-8b5a-e891c42ab321\":\"\",\"bfff4f26-d9a1-4827-b9c1-764b20985d7d\":\"\"}","editor_plus_copied_stylings":"{}","editor_plus_extended_blocks_css":"{}","editor_plus_post_options":"{}","ngg_post_thumbnail":0},"_links":{"self":[{"href":"https:\/\/www.jumelagecharenton.fr\/index.php\/wp-json\/wp\/v2\/pages\/220"}],"collection":[{"href":"https:\/\/www.jumelagecharenton.fr\/index.php\/wp-json\/wp\/v2\/pages"}],"about":[{"href":"https:\/\/www.jumelagecharenton.fr\/index.php\/wp-json\/wp\/v2\/types\/page"}],"author":[{"embeddable":true,"href":"https:\/\/www.jumelagecharenton.fr\/index.php\/wp-json\/wp\/v2\/users\/1"}],"replies":[{"embeddable":true,"href":"https:\/\/www.jumelagecharenton.fr\/index.php\/wp-json\/wp\/v2\/comments?post=220"}],"version-history":[{"count":24,"href":"https:\/\/www.jumelagecharenton.fr\/index.php\/wp-json\/wp\/v2\/pages\/220\/revisions"}],"predecessor-version":[{"id":2998,"href":"https:\/\/www.jumelagecharenton.fr\/index.php\/wp-json\/wp\/v2\/pages\/220\/revisions\/2998"}],"up":[{"embeddable":true,"href":"https:\/\/www.jumelagecharenton.fr\/index.php\/wp-json\/wp\/v2\/pages\/29"}],"wp:attachment":[{"href":"https:\/\/www.jumelagecharenton.fr\/index.php\/wp-json\/wp\/v2\/media?parent=220"}],"curies":[{"name":"wp","href":"https:\/\/api.w.org\/{rel}","templated":true}]}}