


{"id":81,"date":"2021-06-21T10:52:39","date_gmt":"2021-06-21T08:52:39","guid":{"rendered":"http:\/\/localhost\/jumelage\/?page_id=81"},"modified":"2021-07-16T19:17:35","modified_gmt":"2021-07-16T17:17:35","slug":"grande-bretagne","status":"publish","type":"page","link":"http:\/\/www.jumelagecharenton.fr\/index.php\/grande-bretagne\/","title":{"rendered":"Grande-Bretagne"},"content":{"rendered":"\n<div style=\"height:64px\" aria-hidden=\"true\" class=\"wp-block-spacer eplus-0tKbw4\"><\/div>\n\n\n\n<div class=\"wp-block-media-text alignwide is-stacked-on-mobile eplus-vzNbSS\" style=\"grid-template-columns:21% auto\"><figure class=\"wp-block-media-text__media\"><img loading=\"lazy\" width=\"700\" height=\"611\" src=\"http:\/\/www.jumelagecharenton.fr\/wp-content\/uploads\/trowbridgecrest.png\" alt=\"\" class=\"wp-image-406 size-full\" srcset=\"http:\/\/www.jumelagecharenton.fr\/wp-content\/uploads\/trowbridgecrest.png 700w, http:\/\/www.jumelagecharenton.fr\/wp-content\/uploads\/trowbridgecrest-300x262.png 300w, http:\/\/www.jumelagecharenton.fr\/wp-content\/uploads\/trowbridgecrest-100x87.png 100w, http:\/\/www.jumelagecharenton.fr\/wp-content\/uploads\/trowbridgecrest-150x131.png 150w, http:\/\/www.jumelagecharenton.fr\/wp-content\/uploads\/trowbridgecrest-200x175.png 200w, http:\/\/www.jumelagecharenton.fr\/wp-content\/uploads\/trowbridgecrest-450x393.png 450w, http:\/\/www.jumelagecharenton.fr\/wp-content\/uploads\/trowbridgecrest-600x524.png 600w\" sizes=\"(max-width: 700px) 100vw, 700px\" \/><\/figure><div class=\"wp-block-media-text__content\">\n<h1 class=\"title-nomarg eplus-5tUeS8\"><strong>Trowbridge<\/strong><\/h1>\n\n\n\n<p class=\"infos-par eplus-RRhfMj\">( Comt\u00e9 de <a href=\"https:\/\/fr.wikipedia.org\/wiki\/Wiltshire\" class=\"ek-link\">Wiltshire<\/a> &#8211; 33 108 habitants )<\/p>\n\n\n\n<p class=\"eplus-2dOKfY\"><a href=\"https:\/\/www.trowbridge.gov.uk\/\" class=\"ek-link\">Trowbridge <\/a>est une ville de 30 000 habitants situ\u00e9e dans l&rsquo;Ouest de l&rsquo;Angleterre, chef-lieu et principale ville du comt\u00e9 du Wiltshire.&nbsp;\u00c0 la fin du XVIIIe et au d\u00e9but du XIXe si\u00e8cle, Trowbridge \u00e9tait le principal pilier de l\u2019industrie de la laine ce qui lui valut le surnom de \u201cManchester de l&rsquo;ouest\u201d. <\/p>\n\n\n\n<p class=\"eplus-OxIhsM\">Trowbridge est jumel\u00e9e avec quatre villes : <a href=\"https:\/\/fr.wikipedia.org\/wiki\/Oujda\" class=\"ek-link\">Oujda <\/a>, la r\u00e9gion du Maroc d&rsquo;o\u00f9 est originaire la majeure partie de la population immigr\u00e9e de la ville depuis 2006. <a href=\"https:\/\/fr.wikipedia.org\/wiki\/Leer\" class=\"ek-link\">Leer <\/a>en Allemagne, depuis 1989 ; <a href=\"https:\/\/www.charenton.fr\/\" class=\"ek-link\">Charenton-le-Pont <\/a>en France depuis 1996 ; et <a href=\"https:\/\/www.elblag.pl\/\" class=\"ek-link\">Elbl\u0105g <\/a>en Pologne, dans le cadre du jumelage de district de West Wiltshire , depuis 2000.Trowbridge a \u00e9t\u00e9 la premi\u00e8re ville anglaise \u00e0 se jumeler avec un pays musulman arabe.<\/p>\n\n\n\n<p class=\"eplus-NfMVmk\">site : <a href=\"https:\/\/www.trowbridge.gov.uk\/\" class=\"ek-link\">www.trowbridge.gov.uk<\/a><\/p>\n<\/div><\/div>\n\n\n\n<div style=\"height:99px\" aria-hidden=\"true\" class=\"wp-block-spacer eplus-rmNefE\"><\/div>\n\n\n\n<div class=\"wp-block-columns eplus-fMPIRa\">\n<div class=\"wp-block-column eplus-PqlS48\">\n<div class=\"wp-block-image size-large is-resized imgmarg eplus-DkL4DF\"><figure class=\"alignright size-large is-resized\"><img loading=\"lazy\" src=\"http:\/\/www.jumelagecharenton.fr\/wp-content\/uploads\/Town_Hall_Trowbridge.jpg\" alt=\"\" class=\"wp-image-405\" width=\"372\" height=\"415\" srcset=\"http:\/\/www.jumelagecharenton.fr\/wp-content\/uploads\/Town_Hall_Trowbridge.jpg 616w, http:\/\/www.jumelagecharenton.fr\/wp-content\/uploads\/Town_Hall_Trowbridge-268x300.jpg 268w, http:\/\/www.jumelagecharenton.fr\/wp-content\/uploads\/Town_Hall_Trowbridge-100x112.jpg 100w, http:\/\/www.jumelagecharenton.fr\/wp-content\/uploads\/Town_Hall_Trowbridge-150x168.jpg 150w, http:\/\/www.jumelagecharenton.fr\/wp-content\/uploads\/Town_Hall_Trowbridge-200x224.jpg 200w, http:\/\/www.jumelagecharenton.fr\/wp-content\/uploads\/Town_Hall_Trowbridge-300x336.jpg 300w, http:\/\/www.jumelagecharenton.fr\/wp-content\/uploads\/Town_Hall_Trowbridge-450x503.jpg 450w, http:\/\/www.jumelagecharenton.fr\/wp-content\/uploads\/Town_Hall_Trowbridge-600x671.jpg 600w\" sizes=\"(max-width: 372px) 100vw, 372px\" \/><\/figure><\/div>\n<\/div>\n\n\n\n<div class=\"wp-block-column eplus-no7jEt\">\n<div class=\"wp-block-image size-large is-resized imgmarg eplus-s6SPGX\"><figure class=\"alignleft size-large is-resized\"><img loading=\"lazy\" src=\"http:\/\/www.jumelagecharenton.fr\/wp-content\/uploads\/trowbridgemap.png\" alt=\"\" class=\"wp-image-407\" width=\"233\" height=\"421\" srcset=\"http:\/\/www.jumelagecharenton.fr\/wp-content\/uploads\/trowbridgemap.png 388w, http:\/\/www.jumelagecharenton.fr\/wp-content\/uploads\/trowbridgemap-166x300.png 166w, http:\/\/www.jumelagecharenton.fr\/wp-content\/uploads\/trowbridgemap-100x180.png 100w, http:\/\/www.jumelagecharenton.fr\/wp-content\/uploads\/trowbridgemap-150x271.png 150w, http:\/\/www.jumelagecharenton.fr\/wp-content\/uploads\/trowbridgemap-200x361.png 200w, http:\/\/www.jumelagecharenton.fr\/wp-content\/uploads\/trowbridgemap-300x541.png 300w\" sizes=\"(max-width: 233px) 100vw, 233px\" \/><\/figure><\/div>\n<\/div>\n<\/div>\n\n\n\n<p class=\"eplus-wTNQpn\"><\/p>\n","protected":false},"excerpt":{"rendered":"<p>Trowbridge ( Comt\u00e9 de Wiltshire &#8211; 33 108 habitants ) Trowbridge est une ville de 30 000 habitants situ\u00e9e dans l&rsquo;Ouest de l&rsquo;Angleterre, chef-lieu et principale ville du comt\u00e9 du Wiltshire.&nbsp;\u00c0 la fin du XVIIIe et au d\u00e9but du XIXe &hellip;<\/p>\n<p class=\"read-more\"> <a class=\"more-link\" href=\"http:\/\/www.jumelagecharenton.fr\/index.php\/grande-bretagne\/\"> <span class=\"screen-reader-text\">Grande-Bretagne<\/span> Read More &raquo;<\/a><\/p>\n","protected":false},"author":1,"featured_media":0,"parent":0,"menu_order":0,"comment_status":"closed","ping_status":"closed","template":"full-width-page.php","meta":{"editor_plus_custom_animation_option_css":"{}","_editorskit_title_hidden":true,"_editorskit_reading_time":1,"_editorskit_typography_data":[],"_editorskit_blocks_typography":"","editor_plus_custom_css":"{\"38ba69ce-3724-4c1f-9cb0-82514e60b7a0\":\".eplus-0tKbw4 { \\n\\n}\",\"36f97535-c346-427c-a5ac-df3c2fa71959\":\".title-nomarg.eplus-5tUeS8 { \\n\\n}\",\"15d89ce5-dd21-4e33-bbda-b9ce832e8232\":\".infos-par.eplus-RRhfMj { \\n\\n}\",\"dec1cb4e-a625-46f8-a116-e470a50140b1\":\".eplus-2dOKfY { \\n\\n}\",\"48e6e5d0-6db1-4efb-8a02-7e5f8e3d3b8f\":\".eplus-OxIhsM { \\n\\n}\",\"aec33cb9-ab2a-45f8-9bd9-9111fda7ab20\":\".eplus-NfMVmk { \\n\\n}\",\"b4e7bef6-196e-44e7-b236-b9f334103595\":\".eplus-vzNbSS { \\n\\n}\",\"638f2105-5c5c-4ee1-b5ab-9312246f4a14\":\".eplus-rmNefE { \\n\\n}\",\"246ef3ce-1f5c-47e3-83a7-6c017b842d3d\":\".size-large.is-resized.imgmarg.eplus-DkL4DF { \\n\\n}\",\"600a3d21-d52d-462a-8bf2-e4e0467fc4cb\":\".eplus-PqlS48 { \\n\\n}\",\"86a242f4-4dbe-45a0-95a6-6d92b4c522e0\":\".size-large.is-resized.imgmarg.eplus-s6SPGX { \\n\\n}\",\"dce94129-7544-46b0-ae65-79e23cae9e69\":\".eplus-no7jEt { \\n\\n}\",\"a64dfd1d-c7cb-4224-a014-c79f69cb4898\":\".eplus-fMPIRa { \\n\\n}\",\"2450d058-64a7-4aa1-bda6-efa3729751a0\":\".eplus-wTNQpn { \\n\\n}\"}","editor_plus_custom_css_file_version":"latest-493","editor_plus_custom_styling_options_file_version":"latest-4946","editor_plus_custom_styling_options_css":"{\"38ba69ce-3724-4c1f-9cb0-82514e60b7a0\":\"\",\"36f97535-c346-427c-a5ac-df3c2fa71959\":\"\",\"15d89ce5-dd21-4e33-bbda-b9ce832e8232\":\"\",\"dec1cb4e-a625-46f8-a116-e470a50140b1\":\"\",\"48e6e5d0-6db1-4efb-8a02-7e5f8e3d3b8f\":\"\",\"aec33cb9-ab2a-45f8-9bd9-9111fda7ab20\":\"\",\"b4e7bef6-196e-44e7-b236-b9f334103595\":\"\",\"638f2105-5c5c-4ee1-b5ab-9312246f4a14\":\"\",\"246ef3ce-1f5c-47e3-83a7-6c017b842d3d\":\"\",\"600a3d21-d52d-462a-8bf2-e4e0467fc4cb\":\"\",\"86a242f4-4dbe-45a0-95a6-6d92b4c522e0\":\"\",\"dce94129-7544-46b0-ae65-79e23cae9e69\":\"\",\"a64dfd1d-c7cb-4224-a014-c79f69cb4898\":\"\",\"2450d058-64a7-4aa1-bda6-efa3729751a0\":\"\"}","editor_plus_copied_stylings":"{}","editor_plus_extended_blocks_css":"{}","editor_plus_post_options":"{}","ngg_post_thumbnail":0},"_links":{"self":[{"href":"http:\/\/www.jumelagecharenton.fr\/index.php\/wp-json\/wp\/v2\/pages\/81"}],"collection":[{"href":"http:\/\/www.jumelagecharenton.fr\/index.php\/wp-json\/wp\/v2\/pages"}],"about":[{"href":"http:\/\/www.jumelagecharenton.fr\/index.php\/wp-json\/wp\/v2\/types\/page"}],"author":[{"embeddable":true,"href":"http:\/\/www.jumelagecharenton.fr\/index.php\/wp-json\/wp\/v2\/users\/1"}],"replies":[{"embeddable":true,"href":"http:\/\/www.jumelagecharenton.fr\/index.php\/wp-json\/wp\/v2\/comments?post=81"}],"version-history":[{"count":5,"href":"http:\/\/www.jumelagecharenton.fr\/index.php\/wp-json\/wp\/v2\/pages\/81\/revisions"}],"predecessor-version":[{"id":860,"href":"http:\/\/www.jumelagecharenton.fr\/index.php\/wp-json\/wp\/v2\/pages\/81\/revisions\/860"}],"wp:attachment":[{"href":"http:\/\/www.jumelagecharenton.fr\/index.php\/wp-json\/wp\/v2\/media?parent=81"}],"curies":[{"name":"wp","href":"https:\/\/api.w.org\/{rel}","templated":true}]}}