


{"id":754,"date":"2021-07-15T11:37:29","date_gmt":"2021-07-15T09:37:29","guid":{"rendered":"http:\/\/www.jumelagecharenton.fr\/?page_id=754"},"modified":"2021-12-07T22:32:16","modified_gmt":"2021-12-07T21:32:16","slug":"photos","status":"publish","type":"page","link":"http:\/\/www.jumelagecharenton.fr\/index.php\/grande-bretagne\/photos\/","title":{"rendered":"Photos"},"content":{"rendered":"\n<div><!-- default-view.php -->\n<div\n\tclass=\"ngg-galleryoverview default-view \"\n\tid=\"ngg-gallery-6160f2b89a52e62ac9d7e4f367f0c6fc-1\">\n\n\t\t<!-- Thumbnails -->\n\t\t\t\t<div id=\"ngg-image-0\" class=\"ngg-gallery-thumbnail-box \" >\n\t\t\t\t        <div class=\"ngg-gallery-thumbnail\">\n            <a href=\"http:\/\/www.jumelagecharenton.fr\/wp-content\/gallery\/trowbridge-mai-2018\/20180520_125103.jpg\"\n               title=\"\"\n               data-src=\"http:\/\/www.jumelagecharenton.fr\/wp-content\/gallery\/trowbridge-mai-2018\/20180520_125103.jpg\"\n               data-thumbnail=\"http:\/\/www.jumelagecharenton.fr\/wp-content\/gallery\/trowbridge-mai-2018\/thumbs\/thumbs_20180520_125103.jpg\"\n               data-image-id=\"119\"\n               data-title=\"20180520_125103\"\n               data-description=\"\"\n               data-image-slug=\"20180520_125103\"\n               class=\"ngg-simplelightbox\" rel=\"6160f2b89a52e62ac9d7e4f367f0c6fc\">\n                <img\n                    title=\"20180520_125103\"\n                    alt=\"20180520_125103\"\n                    src=\"http:\/\/www.jumelagecharenton.fr\/wp-content\/gallery\/trowbridge-mai-2018\/thumbs\/thumbs_20180520_125103.jpg\"\n                    width=\"240\"\n                    height=\"160\"\n                    style=\"max-width:100%;\"\n                \/>\n            <\/a>\n        <\/div>\n\t\t\t\t\t\t\t<\/div> \n\t\t\t\n\t\t\t\t<div id=\"ngg-image-1\" class=\"ngg-gallery-thumbnail-box \" >\n\t\t\t\t        <div class=\"ngg-gallery-thumbnail\">\n            <a href=\"http:\/\/www.jumelagecharenton.fr\/wp-content\/gallery\/bayeux-16-mars-2019\/20190316_164032.jpg\"\n               title=\"\"\n               data-src=\"http:\/\/www.jumelagecharenton.fr\/wp-content\/gallery\/bayeux-16-mars-2019\/20190316_164032.jpg\"\n               data-thumbnail=\"http:\/\/www.jumelagecharenton.fr\/wp-content\/gallery\/bayeux-16-mars-2019\/thumbs\/thumbs_20190316_164032.jpg\"\n               data-image-id=\"127\"\n               data-title=\"20190316_164032\"\n               data-description=\"\"\n               data-image-slug=\"20190316_164032\"\n               class=\"ngg-simplelightbox\" rel=\"6160f2b89a52e62ac9d7e4f367f0c6fc\">\n                <img\n                    title=\"20190316_164032\"\n                    alt=\"20190316_164032\"\n                    src=\"http:\/\/www.jumelagecharenton.fr\/wp-content\/gallery\/bayeux-16-mars-2019\/thumbs\/thumbs_20190316_164032.jpg\"\n                    width=\"240\"\n                    height=\"160\"\n                    style=\"max-width:100%;\"\n                \/>\n            <\/a>\n        <\/div>\n\t\t\t\t\t\t\t<\/div> \n\t\t\t\n\t\t\t\t<div id=\"ngg-image-2\" class=\"ngg-gallery-thumbnail-box \" >\n\t\t\t\t        <div class=\"ngg-gallery-thumbnail\">\n            <a href=\"http:\/\/www.jumelagecharenton.fr\/wp-content\/gallery\/bayeux-16-mars-2019\/20190316_184646.jpg\"\n               title=\"\"\n               data-src=\"http:\/\/www.jumelagecharenton.fr\/wp-content\/gallery\/bayeux-16-mars-2019\/20190316_184646.jpg\"\n               data-thumbnail=\"http:\/\/www.jumelagecharenton.fr\/wp-content\/gallery\/bayeux-16-mars-2019\/thumbs\/thumbs_20190316_184646.jpg\"\n               data-image-id=\"126\"\n               data-title=\"20190316_184646\"\n               data-description=\"\"\n               data-image-slug=\"20190316_184646\"\n               class=\"ngg-simplelightbox\" rel=\"6160f2b89a52e62ac9d7e4f367f0c6fc\">\n                <img\n                    title=\"20190316_184646\"\n                    alt=\"20190316_184646\"\n                    src=\"http:\/\/www.jumelagecharenton.fr\/wp-content\/gallery\/bayeux-16-mars-2019\/thumbs\/thumbs_20190316_184646.jpg\"\n                    width=\"240\"\n                    height=\"160\"\n                    style=\"max-width:100%;\"\n                \/>\n            <\/a>\n        <\/div>\n\t\t\t\t\t\t\t<\/div> \n\t\t\t\n\t\t\t\t<div id=\"ngg-image-3\" class=\"ngg-gallery-thumbnail-box \" >\n\t\t\t\t        <div class=\"ngg-gallery-thumbnail\">\n            <a href=\"http:\/\/www.jumelagecharenton.fr\/wp-content\/gallery\/bayeux-16-mars-2019\/20190316_150107.jpg\"\n               title=\"\"\n               data-src=\"http:\/\/www.jumelagecharenton.fr\/wp-content\/gallery\/bayeux-16-mars-2019\/20190316_150107.jpg\"\n               data-thumbnail=\"http:\/\/www.jumelagecharenton.fr\/wp-content\/gallery\/bayeux-16-mars-2019\/thumbs\/thumbs_20190316_150107.jpg\"\n               data-image-id=\"125\"\n               data-title=\"20190316_150107\"\n               data-description=\"\"\n               data-image-slug=\"20190316_150107\"\n               class=\"ngg-simplelightbox\" rel=\"6160f2b89a52e62ac9d7e4f367f0c6fc\">\n                <img\n                    title=\"20190316_150107\"\n                    alt=\"20190316_150107\"\n                    src=\"http:\/\/www.jumelagecharenton.fr\/wp-content\/gallery\/bayeux-16-mars-2019\/thumbs\/thumbs_20190316_150107.jpg\"\n                    width=\"240\"\n                    height=\"160\"\n                    style=\"max-width:100%;\"\n                \/>\n            <\/a>\n        <\/div>\n\t\t\t\t\t\t\t<\/div> \n\t\t\t\n\t\t\t\t<div id=\"ngg-image-4\" class=\"ngg-gallery-thumbnail-box \" >\n\t\t\t\t        <div class=\"ngg-gallery-thumbnail\">\n            <a href=\"http:\/\/www.jumelagecharenton.fr\/wp-content\/gallery\/bayeux-16-mars-2019\/20190316_115243.jpg\"\n               title=\"\"\n               data-src=\"http:\/\/www.jumelagecharenton.fr\/wp-content\/gallery\/bayeux-16-mars-2019\/20190316_115243.jpg\"\n               data-thumbnail=\"http:\/\/www.jumelagecharenton.fr\/wp-content\/gallery\/bayeux-16-mars-2019\/thumbs\/thumbs_20190316_115243.jpg\"\n               data-image-id=\"124\"\n               data-title=\"20190316_115243\"\n               data-description=\"\"\n               data-image-slug=\"20190316_115243\"\n               class=\"ngg-simplelightbox\" rel=\"6160f2b89a52e62ac9d7e4f367f0c6fc\">\n                <img\n                    title=\"20190316_115243\"\n                    alt=\"20190316_115243\"\n                    src=\"http:\/\/www.jumelagecharenton.fr\/wp-content\/gallery\/bayeux-16-mars-2019\/thumbs\/thumbs_20190316_115243.jpg\"\n                    width=\"240\"\n                    height=\"160\"\n                    style=\"max-width:100%;\"\n                \/>\n            <\/a>\n        <\/div>\n\t\t\t\t\t\t\t<\/div> \n\t\t\t\n\t\t\t\t<div id=\"ngg-image-5\" class=\"ngg-gallery-thumbnail-box \" >\n\t\t\t\t        <div class=\"ngg-gallery-thumbnail\">\n            <a href=\"http:\/\/www.jumelagecharenton.fr\/wp-content\/gallery\/bayeux-16-mars-2019\/20190316_113933.jpg\"\n               title=\"\"\n               data-src=\"http:\/\/www.jumelagecharenton.fr\/wp-content\/gallery\/bayeux-16-mars-2019\/20190316_113933.jpg\"\n               data-thumbnail=\"http:\/\/www.jumelagecharenton.fr\/wp-content\/gallery\/bayeux-16-mars-2019\/thumbs\/thumbs_20190316_113933.jpg\"\n               data-image-id=\"123\"\n               data-title=\"20190316_113933\"\n               data-description=\"\"\n               data-image-slug=\"20190316_113933\"\n               class=\"ngg-simplelightbox\" rel=\"6160f2b89a52e62ac9d7e4f367f0c6fc\">\n                <img\n                    title=\"20190316_113933\"\n                    alt=\"20190316_113933\"\n                    src=\"http:\/\/www.jumelagecharenton.fr\/wp-content\/gallery\/bayeux-16-mars-2019\/thumbs\/thumbs_20190316_113933.jpg\"\n                    width=\"240\"\n                    height=\"160\"\n                    style=\"max-width:100%;\"\n                \/>\n            <\/a>\n        <\/div>\n\t\t\t\t\t\t\t<\/div> \n\t\t\t\n\t\t\t\t<div id=\"ngg-image-6\" class=\"ngg-gallery-thumbnail-box \" >\n\t\t\t\t        <div class=\"ngg-gallery-thumbnail\">\n            <a href=\"http:\/\/www.jumelagecharenton.fr\/wp-content\/gallery\/bayeux-16-mars-2019\/20190316_113223.jpg\"\n               title=\"\"\n               data-src=\"http:\/\/www.jumelagecharenton.fr\/wp-content\/gallery\/bayeux-16-mars-2019\/20190316_113223.jpg\"\n               data-thumbnail=\"http:\/\/www.jumelagecharenton.fr\/wp-content\/gallery\/bayeux-16-mars-2019\/thumbs\/thumbs_20190316_113223.jpg\"\n               data-image-id=\"122\"\n               data-title=\"20190316_113223\"\n               data-description=\"\"\n               data-image-slug=\"20190316_113223\"\n               class=\"ngg-simplelightbox\" rel=\"6160f2b89a52e62ac9d7e4f367f0c6fc\">\n                <img\n                    title=\"20190316_113223\"\n                    alt=\"20190316_113223\"\n                    src=\"http:\/\/www.jumelagecharenton.fr\/wp-content\/gallery\/bayeux-16-mars-2019\/thumbs\/thumbs_20190316_113223.jpg\"\n                    width=\"240\"\n                    height=\"160\"\n                    style=\"max-width:100%;\"\n                \/>\n            <\/a>\n        <\/div>\n\t\t\t\t\t\t\t<\/div> \n\t\t\t\n\t\t\t\t<div id=\"ngg-image-7\" class=\"ngg-gallery-thumbnail-box \" >\n\t\t\t\t        <div class=\"ngg-gallery-thumbnail\">\n            <a href=\"http:\/\/www.jumelagecharenton.fr\/wp-content\/gallery\/bayeux-16-mars-2019\/20190316_164016.jpg\"\n               title=\"\"\n               data-src=\"http:\/\/www.jumelagecharenton.fr\/wp-content\/gallery\/bayeux-16-mars-2019\/20190316_164016.jpg\"\n               data-thumbnail=\"http:\/\/www.jumelagecharenton.fr\/wp-content\/gallery\/bayeux-16-mars-2019\/thumbs\/thumbs_20190316_164016.jpg\"\n               data-image-id=\"121\"\n               data-title=\"20190316_164016\"\n               data-description=\"\"\n               data-image-slug=\"20190316_164016\"\n               class=\"ngg-simplelightbox\" rel=\"6160f2b89a52e62ac9d7e4f367f0c6fc\">\n                <img\n                    title=\"20190316_164016\"\n                    alt=\"20190316_164016\"\n                    src=\"http:\/\/www.jumelagecharenton.fr\/wp-content\/gallery\/bayeux-16-mars-2019\/thumbs\/thumbs_20190316_164016.jpg\"\n                    width=\"240\"\n                    height=\"160\"\n                    style=\"max-width:100%;\"\n                \/>\n            <\/a>\n        <\/div>\n\t\t\t\t\t\t\t<\/div> \n\t\t\t\n\t\t\t\t<div id=\"ngg-image-8\" class=\"ngg-gallery-thumbnail-box \" >\n\t\t\t\t        <div class=\"ngg-gallery-thumbnail\">\n            <a href=\"http:\/\/www.jumelagecharenton.fr\/wp-content\/gallery\/bayeux-16-mars-2019\/20190316_113023.jpg\"\n               title=\"\"\n               data-src=\"http:\/\/www.jumelagecharenton.fr\/wp-content\/gallery\/bayeux-16-mars-2019\/20190316_113023.jpg\"\n               data-thumbnail=\"http:\/\/www.jumelagecharenton.fr\/wp-content\/gallery\/bayeux-16-mars-2019\/thumbs\/thumbs_20190316_113023.jpg\"\n               data-image-id=\"120\"\n               data-title=\"20190316_113023\"\n               data-description=\"\"\n               data-image-slug=\"20190316_113023\"\n               class=\"ngg-simplelightbox\" rel=\"6160f2b89a52e62ac9d7e4f367f0c6fc\">\n                <img\n                    title=\"20190316_113023\"\n                    alt=\"20190316_113023\"\n                    src=\"http:\/\/www.jumelagecharenton.fr\/wp-content\/gallery\/bayeux-16-mars-2019\/thumbs\/thumbs_20190316_113023.jpg\"\n                    width=\"240\"\n                    height=\"160\"\n                    style=\"max-width:100%;\"\n                \/>\n            <\/a>\n        <\/div>\n\t\t\t\t\t\t\t<\/div> \n\t\t\t\n\t\t\t\t<div id=\"ngg-image-9\" class=\"ngg-gallery-thumbnail-box \" >\n\t\t\t\t        <div class=\"ngg-gallery-thumbnail\">\n            <a href=\"http:\/\/www.jumelagecharenton.fr\/wp-content\/gallery\/trowbridge-mai-2018\/20180518_121803.jpg\"\n               title=\"\"\n               data-src=\"http:\/\/www.jumelagecharenton.fr\/wp-content\/gallery\/trowbridge-mai-2018\/20180518_121803.jpg\"\n               data-thumbnail=\"http:\/\/www.jumelagecharenton.fr\/wp-content\/gallery\/trowbridge-mai-2018\/thumbs\/thumbs_20180518_121803.jpg\"\n               data-image-id=\"111\"\n               data-title=\"20180518_121803\"\n               data-description=\"\"\n               data-image-slug=\"20180518_121803\"\n               class=\"ngg-simplelightbox\" rel=\"6160f2b89a52e62ac9d7e4f367f0c6fc\">\n                <img\n                    title=\"20180518_121803\"\n                    alt=\"20180518_121803\"\n                    src=\"http:\/\/www.jumelagecharenton.fr\/wp-content\/gallery\/trowbridge-mai-2018\/thumbs\/thumbs_20180518_121803.jpg\"\n                    width=\"240\"\n                    height=\"160\"\n                    style=\"max-width:100%;\"\n                \/>\n            <\/a>\n        <\/div>\n\t\t\t\t\t\t\t<\/div> \n\t\t\t\n\t\t\t\t<div id=\"ngg-image-10\" class=\"ngg-gallery-thumbnail-box \" >\n\t\t\t\t        <div class=\"ngg-gallery-thumbnail\">\n            <a href=\"http:\/\/www.jumelagecharenton.fr\/wp-content\/gallery\/trowbridge-mai-2018\/20180520_103309.jpg\"\n               title=\"\"\n               data-src=\"http:\/\/www.jumelagecharenton.fr\/wp-content\/gallery\/trowbridge-mai-2018\/20180520_103309.jpg\"\n               data-thumbnail=\"http:\/\/www.jumelagecharenton.fr\/wp-content\/gallery\/trowbridge-mai-2018\/thumbs\/thumbs_20180520_103309.jpg\"\n               data-image-id=\"118\"\n               data-title=\"20180520_103309\"\n               data-description=\"\"\n               data-image-slug=\"20180520_103309\"\n               class=\"ngg-simplelightbox\" rel=\"6160f2b89a52e62ac9d7e4f367f0c6fc\">\n                <img\n                    title=\"20180520_103309\"\n                    alt=\"20180520_103309\"\n                    src=\"http:\/\/www.jumelagecharenton.fr\/wp-content\/gallery\/trowbridge-mai-2018\/thumbs\/thumbs_20180520_103309.jpg\"\n                    width=\"240\"\n                    height=\"160\"\n                    style=\"max-width:100%;\"\n                \/>\n            <\/a>\n        <\/div>\n\t\t\t\t\t\t\t<\/div> \n\t\t\t\n\t\t\t\t<div id=\"ngg-image-11\" class=\"ngg-gallery-thumbnail-box \" >\n\t\t\t\t        <div class=\"ngg-gallery-thumbnail\">\n            <a href=\"http:\/\/www.jumelagecharenton.fr\/wp-content\/gallery\/trowbridge-mai-2018\/20180519_193715.jpg\"\n               title=\"\"\n               data-src=\"http:\/\/www.jumelagecharenton.fr\/wp-content\/gallery\/trowbridge-mai-2018\/20180519_193715.jpg\"\n               data-thumbnail=\"http:\/\/www.jumelagecharenton.fr\/wp-content\/gallery\/trowbridge-mai-2018\/thumbs\/thumbs_20180519_193715.jpg\"\n               data-image-id=\"117\"\n               data-title=\"20180519_193715\"\n               data-description=\"\"\n               data-image-slug=\"20180519_193715\"\n               class=\"ngg-simplelightbox\" rel=\"6160f2b89a52e62ac9d7e4f367f0c6fc\">\n                <img\n                    title=\"20180519_193715\"\n                    alt=\"20180519_193715\"\n                    src=\"http:\/\/www.jumelagecharenton.fr\/wp-content\/gallery\/trowbridge-mai-2018\/thumbs\/thumbs_20180519_193715.jpg\"\n                    width=\"240\"\n                    height=\"160\"\n                    style=\"max-width:100%;\"\n                \/>\n            <\/a>\n        <\/div>\n\t\t\t\t\t\t\t<\/div> \n\t\t\t\n\t\t\t\t<div id=\"ngg-image-12\" class=\"ngg-gallery-thumbnail-box \" >\n\t\t\t\t        <div class=\"ngg-gallery-thumbnail\">\n            <a href=\"http:\/\/www.jumelagecharenton.fr\/wp-content\/gallery\/trowbridge-mai-2018\/20180519_115625.jpg\"\n               title=\"\"\n               data-src=\"http:\/\/www.jumelagecharenton.fr\/wp-content\/gallery\/trowbridge-mai-2018\/20180519_115625.jpg\"\n               data-thumbnail=\"http:\/\/www.jumelagecharenton.fr\/wp-content\/gallery\/trowbridge-mai-2018\/thumbs\/thumbs_20180519_115625.jpg\"\n               data-image-id=\"116\"\n               data-title=\"20180519_115625\"\n               data-description=\"\"\n               data-image-slug=\"20180519_115625\"\n               class=\"ngg-simplelightbox\" rel=\"6160f2b89a52e62ac9d7e4f367f0c6fc\">\n                <img\n                    title=\"20180519_115625\"\n                    alt=\"20180519_115625\"\n                    src=\"http:\/\/www.jumelagecharenton.fr\/wp-content\/gallery\/trowbridge-mai-2018\/thumbs\/thumbs_20180519_115625.jpg\"\n                    width=\"240\"\n                    height=\"160\"\n                    style=\"max-width:100%;\"\n                \/>\n            <\/a>\n        <\/div>\n\t\t\t\t\t\t\t<\/div> \n\t\t\t\n\t\t\t\t<div id=\"ngg-image-13\" class=\"ngg-gallery-thumbnail-box \" >\n\t\t\t\t        <div class=\"ngg-gallery-thumbnail\">\n            <a href=\"http:\/\/www.jumelagecharenton.fr\/wp-content\/gallery\/trowbridge-mai-2018\/20180518_124450.jpg\"\n               title=\"\"\n               data-src=\"http:\/\/www.jumelagecharenton.fr\/wp-content\/gallery\/trowbridge-mai-2018\/20180518_124450.jpg\"\n               data-thumbnail=\"http:\/\/www.jumelagecharenton.fr\/wp-content\/gallery\/trowbridge-mai-2018\/thumbs\/thumbs_20180518_124450.jpg\"\n               data-image-id=\"115\"\n               data-title=\"20180518_124450\"\n               data-description=\"\"\n               data-image-slug=\"20180518_124450\"\n               class=\"ngg-simplelightbox\" rel=\"6160f2b89a52e62ac9d7e4f367f0c6fc\">\n                <img\n                    title=\"20180518_124450\"\n                    alt=\"20180518_124450\"\n                    src=\"http:\/\/www.jumelagecharenton.fr\/wp-content\/gallery\/trowbridge-mai-2018\/thumbs\/thumbs_20180518_124450.jpg\"\n                    width=\"240\"\n                    height=\"160\"\n                    style=\"max-width:100%;\"\n                \/>\n            <\/a>\n        <\/div>\n\t\t\t\t\t\t\t<\/div> \n\t\t\t\n\t\t\t\t<div id=\"ngg-image-14\" class=\"ngg-gallery-thumbnail-box \" >\n\t\t\t\t        <div class=\"ngg-gallery-thumbnail\">\n            <a href=\"http:\/\/www.jumelagecharenton.fr\/wp-content\/gallery\/trowbridge-mai-2018\/20180518_125200.jpg\"\n               title=\"\"\n               data-src=\"http:\/\/www.jumelagecharenton.fr\/wp-content\/gallery\/trowbridge-mai-2018\/20180518_125200.jpg\"\n               data-thumbnail=\"http:\/\/www.jumelagecharenton.fr\/wp-content\/gallery\/trowbridge-mai-2018\/thumbs\/thumbs_20180518_125200.jpg\"\n               data-image-id=\"114\"\n               data-title=\"20180518_125200\"\n               data-description=\"\"\n               data-image-slug=\"20180518_125200\"\n               class=\"ngg-simplelightbox\" rel=\"6160f2b89a52e62ac9d7e4f367f0c6fc\">\n                <img\n                    title=\"20180518_125200\"\n                    alt=\"20180518_125200\"\n                    src=\"http:\/\/www.jumelagecharenton.fr\/wp-content\/gallery\/trowbridge-mai-2018\/thumbs\/thumbs_20180518_125200.jpg\"\n                    width=\"240\"\n                    height=\"160\"\n                    style=\"max-width:100%;\"\n                \/>\n            <\/a>\n        <\/div>\n\t\t\t\t\t\t\t<\/div> \n\t\t\t\n\t\t\t\t<div id=\"ngg-image-15\" class=\"ngg-gallery-thumbnail-box \" >\n\t\t\t\t        <div class=\"ngg-gallery-thumbnail\">\n            <a href=\"http:\/\/www.jumelagecharenton.fr\/wp-content\/gallery\/trowbridge-mai-2018\/20180519_193519.jpg\"\n               title=\"\"\n               data-src=\"http:\/\/www.jumelagecharenton.fr\/wp-content\/gallery\/trowbridge-mai-2018\/20180519_193519.jpg\"\n               data-thumbnail=\"http:\/\/www.jumelagecharenton.fr\/wp-content\/gallery\/trowbridge-mai-2018\/thumbs\/thumbs_20180519_193519.jpg\"\n               data-image-id=\"113\"\n               data-title=\"20180519_193519\"\n               data-description=\"\"\n               data-image-slug=\"20180519_193519\"\n               class=\"ngg-simplelightbox\" rel=\"6160f2b89a52e62ac9d7e4f367f0c6fc\">\n                <img\n                    title=\"20180519_193519\"\n                    alt=\"20180519_193519\"\n                    src=\"http:\/\/www.jumelagecharenton.fr\/wp-content\/gallery\/trowbridge-mai-2018\/thumbs\/thumbs_20180519_193519.jpg\"\n                    width=\"240\"\n                    height=\"160\"\n                    style=\"max-width:100%;\"\n                \/>\n            <\/a>\n        <\/div>\n\t\t\t\t\t\t\t<\/div> \n\t\t\t\n\t\t\t\t<div id=\"ngg-image-16\" class=\"ngg-gallery-thumbnail-box \" >\n\t\t\t\t        <div class=\"ngg-gallery-thumbnail\">\n            <a href=\"http:\/\/www.jumelagecharenton.fr\/wp-content\/gallery\/trowbridge-mai-2018\/20180518_124634.jpg\"\n               title=\"\"\n               data-src=\"http:\/\/www.jumelagecharenton.fr\/wp-content\/gallery\/trowbridge-mai-2018\/20180518_124634.jpg\"\n               data-thumbnail=\"http:\/\/www.jumelagecharenton.fr\/wp-content\/gallery\/trowbridge-mai-2018\/thumbs\/thumbs_20180518_124634.jpg\"\n               data-image-id=\"112\"\n               data-title=\"20180518_124634\"\n               data-description=\"\"\n               data-image-slug=\"20180518_124634\"\n               class=\"ngg-simplelightbox\" rel=\"6160f2b89a52e62ac9d7e4f367f0c6fc\">\n                <img\n                    title=\"20180518_124634\"\n                    alt=\"20180518_124634\"\n                    src=\"http:\/\/www.jumelagecharenton.fr\/wp-content\/gallery\/trowbridge-mai-2018\/thumbs\/thumbs_20180518_124634.jpg\"\n                    width=\"240\"\n                    height=\"160\"\n                    style=\"max-width:100%;\"\n                \/>\n            <\/a>\n        <\/div>\n\t\t\t\t\t\t\t<\/div> \n\t\t\t\n\t\n\t<br style=\"clear: both\" \/>\n\n\t\n\t\t<!-- Pagination -->\n\t<div class='ngg-clear'><\/div>\t<\/div>\n<\/div>\n\n\n\n<h2 class=\"eplus-5klYAU\">Assembl\u00e9e g\u00e9n\u00e9rale du 19\/11\/2021<\/h2>\n\n\n\n<div>\n\n\t<div class='ngg-imagebrowser default-view'\n         id='ngg-imagebrowser-981317043e9f2223784a5316eb384cab-754'\n         data-nextgen-gallery-id=\"981317043e9f2223784a5316eb384cab\">\n\n        <h3>IMG_0212-scaled<\/h3>\n\n\t\t<div id=\"ngg-image-0\" class=\"pic\" >\n        \n        <a href='http:\/\/www.jumelagecharenton.fr\/wp-content\/gallery\/ag-section-gb-19-novembre-2021\/IMG_0212-scaled.jpg'\n           title=' '\n           data-src=\"http:\/\/www.jumelagecharenton.fr\/wp-content\/gallery\/ag-section-gb-19-novembre-2021\/IMG_0212-scaled.jpg\"\n           data-thumbnail=\"http:\/\/www.jumelagecharenton.fr\/wp-content\/gallery\/ag-section-gb-19-novembre-2021\/thumbs\/thumbs_IMG_0212-scaled.jpg\"\n           data-image-id=\"128\"\n           data-title=\"IMG_0212-scaled\"\n           data-description=\" \"\n           class=\"ngg-simplelightbox\" rel=\"981317043e9f2223784a5316eb384cab\">\n            <img title='IMG_0212-scaled'\n                 alt='IMG_0212-scaled'\n                 src='http:\/\/www.jumelagecharenton.fr\/wp-content\/gallery\/ag-section-gb-19-novembre-2021\/IMG_0212-scaled.jpg'\/>\n        <\/a>\n\t    \n        <\/div> \n\n        <div class='ngg-imagebrowser-nav'>\n\n            <div class='back'>\n                <a class='ngg-browser-prev'\n                   id='ngg-prev-136'\n                   href='http:\/\/www.jumelagecharenton.fr\/index.php\/grande-bretagne\/photos\/nggallery\/image\/img_0204-scaled'>\n                    <i class=\"fa fa-chevron-left\" aria-hidden=\"true\"><\/i>\n                <\/a>\n            <\/div>\n\n            <div class='next'>\n                <a class='ngg-browser-next'\n                   id='ngg-next-129'\n                   href='http:\/\/www.jumelagecharenton.fr\/index.php\/grande-bretagne\/photos\/nggallery\/image\/img_0211-scaled'>\n                    <i class=\"fa fa-chevron-right\" aria-hidden=\"true\"><\/i>\n                <\/a>\n            <\/div>\n\n            <div class='counter'>\n                Image                1                parmi                9            <\/div>\n\n            <div class='ngg-imagebrowser-desc'>\n                <p> <\/p>\n            <\/div>\n\n        <\/div>\n    <\/div>\n\n<\/div>\n","protected":false},"excerpt":{"rendered":"<p>Assembl\u00e9e g\u00e9n\u00e9rale du 19\/11\/2021<\/p>\n","protected":false},"author":1,"featured_media":0,"parent":81,"menu_order":1,"comment_status":"closed","ping_status":"closed","template":"full-width-page.php","meta":{"editor_plus_custom_animation_option_css":"{}","_editorskit_title_hidden":false,"_editorskit_reading_time":1,"_editorskit_typography_data":[],"_editorskit_blocks_typography":"","editor_plus_custom_css":"{\"6177ce0b-be8b-499b-b3f1-1f5998a71416\":\".eplus-5klYAU { \\n\\n}\"}","editor_plus_custom_css_file_version":"latest-598","editor_plus_custom_styling_options_file_version":"latest-4613","editor_plus_custom_styling_options_css":"{\"6177ce0b-be8b-499b-b3f1-1f5998a71416\":\"\"}","editor_plus_copied_stylings":"{}","editor_plus_extended_blocks_css":"{}","editor_plus_post_options":"{}","ngg_post_thumbnail":0},"_links":{"self":[{"href":"http:\/\/www.jumelagecharenton.fr\/index.php\/wp-json\/wp\/v2\/pages\/754"}],"collection":[{"href":"http:\/\/www.jumelagecharenton.fr\/index.php\/wp-json\/wp\/v2\/pages"}],"about":[{"href":"http:\/\/www.jumelagecharenton.fr\/index.php\/wp-json\/wp\/v2\/types\/page"}],"author":[{"embeddable":true,"href":"http:\/\/www.jumelagecharenton.fr\/index.php\/wp-json\/wp\/v2\/users\/1"}],"replies":[{"embeddable":true,"href":"http:\/\/www.jumelagecharenton.fr\/index.php\/wp-json\/wp\/v2\/comments?post=754"}],"version-history":[{"count":6,"href":"http:\/\/www.jumelagecharenton.fr\/index.php\/wp-json\/wp\/v2\/pages\/754\/revisions"}],"predecessor-version":[{"id":1431,"href":"http:\/\/www.jumelagecharenton.fr\/index.php\/wp-json\/wp\/v2\/pages\/754\/revisions\/1431"}],"up":[{"embeddable":true,"href":"http:\/\/www.jumelagecharenton.fr\/index.php\/wp-json\/wp\/v2\/pages\/81"}],"wp:attachment":[{"href":"http:\/\/www.jumelagecharenton.fr\/index.php\/wp-json\/wp\/v2\/media?parent=754"}],"curies":[{"name":"wp","href":"https:\/\/api.w.org\/{rel}","templated":true}]}}