


{"id":752,"date":"2021-07-15T11:36:57","date_gmt":"2021-07-15T09:36:57","guid":{"rendered":"http:\/\/www.jumelagecharenton.fr\/?page_id=752"},"modified":"2022-10-24T19:22:42","modified_gmt":"2022-10-24T17:22:42","slug":"photos","status":"publish","type":"page","link":"http:\/\/www.jumelagecharenton.fr\/index.php\/israel\/photos\/","title":{"rendered":"Photos"},"content":{"rendered":"\n<p class=\"eplus-zBdaoa\"><strong>Le jeudi 6 octobre, nous avons pass\u00e9 un film sur la d\u00e9portation.<\/strong><\/p>\n\n\n\n<p class=\"eplus-0aef7T\"><strong>Notre ami Albert bijelman a \u00e9t\u00e9 d\u00e9port\u00e9 \u00e0 l&rsquo;\u00e2ge de 11 ans.et vers la fin de sa vie il allait dans les \u00e9coles et coll\u00e8ges pour raconter.<\/strong><\/p>\n\n\n\n<p class=\"eplus-68TWM7\"><strong>Mon mari l&rsquo;a film\u00e9 et c&rsquo;est cela que nous avons fait conna\u00eetre \u00e0 nos presque 50 invit\u00e9s.<\/strong><\/p>\n\n\n\n<p class=\"eplus-u5d0qe\"><strong>Nous avons eu le plaisir d&rsquo;avoir la pr\u00e9sence de Madame Jacqueline Biegelman accompagn\u00e9e de ses petits enfants.<\/strong><\/p>\n\n\n\n<p class=\"eplus-G6ELw4\">\u00a0<strong>Mr le Maire a pris plaisir de rester un moment pendant notre soir\u00e9e.<\/strong><\/p>\n\n\n\n<p class=\"eplus-usFT3F\"><strong>Il avait beaucoup d&rsquo;amiti\u00e9 pour Albert bijelman. Et tr\u00e8s \u00e9mu de retrouver Madame Biegelman<\/strong><\/p>\n","protected":false},"excerpt":{"rendered":"<p>Le jeudi 6 octobre, nous avons pass\u00e9 un film sur la d\u00e9portation. Notre ami Albert bijelman a \u00e9t\u00e9 d\u00e9port\u00e9 \u00e0 l&rsquo;\u00e2ge de 11 ans.et vers la fin de sa vie il allait dans les \u00e9coles et coll\u00e8ges pour raconter. Mon &hellip;<\/p>\n<p class=\"read-more\"> <a class=\"more-link\" href=\"http:\/\/www.jumelagecharenton.fr\/index.php\/israel\/photos\/\"> <span class=\"screen-reader-text\">Photos<\/span> Read More &raquo;<\/a><\/p>\n","protected":false},"author":1,"featured_media":0,"parent":83,"menu_order":1,"comment_status":"closed","ping_status":"closed","template":"full-width-page.php","meta":{"editor_plus_custom_animation_option_css":"{}","_editorskit_title_hidden":false,"_editorskit_reading_time":0,"_editorskit_typography_data":[],"_editorskit_blocks_typography":"","editor_plus_custom_css":"{\"0033cccf-7366-4ea1-99d9-afa9e04993bd\":\".eplus-zBdaoa { \\n\\n}\",\"01647753-e6dc-47ad-be42-5c4bfba3bab1\":\".eplus-0aef7T { \\n\\n}\",\"e6338e19-5b05-4cd2-b347-c0ae3d6eee76\":\".eplus-68TWM7 { \\n\\n}\",\"177afa86-f9f0-4048-ad77-c1977cec69d6\":\".eplus-u5d0qe { \\n\\n}\",\"28966f66-4f34-4ed0-b975-ddb2af4aa186\":\".eplus-G6ELw4 { \\n\\n}\",\"31eed4d1-2fab-433a-855b-3091d04974a4\":\".eplus-usFT3F { \\n\\n}\"}","editor_plus_custom_css_file_version":"latest-259","editor_plus_custom_styling_options_file_version":"latest-4948","editor_plus_custom_styling_options_css":"{\"0033cccf-7366-4ea1-99d9-afa9e04993bd\":\"\",\"01647753-e6dc-47ad-be42-5c4bfba3bab1\":\"\",\"e6338e19-5b05-4cd2-b347-c0ae3d6eee76\":\"\",\"177afa86-f9f0-4048-ad77-c1977cec69d6\":\"\",\"28966f66-4f34-4ed0-b975-ddb2af4aa186\":\"\",\"31eed4d1-2fab-433a-855b-3091d04974a4\":\"\"}","editor_plus_copied_stylings":"{}","editor_plus_extended_blocks_css":"{}","editor_plus_post_options":"{}","ngg_post_thumbnail":0},"_links":{"self":[{"href":"http:\/\/www.jumelagecharenton.fr\/index.php\/wp-json\/wp\/v2\/pages\/752"}],"collection":[{"href":"http:\/\/www.jumelagecharenton.fr\/index.php\/wp-json\/wp\/v2\/pages"}],"about":[{"href":"http:\/\/www.jumelagecharenton.fr\/index.php\/wp-json\/wp\/v2\/types\/page"}],"author":[{"embeddable":true,"href":"http:\/\/www.jumelagecharenton.fr\/index.php\/wp-json\/wp\/v2\/users\/1"}],"replies":[{"embeddable":true,"href":"http:\/\/www.jumelagecharenton.fr\/index.php\/wp-json\/wp\/v2\/comments?post=752"}],"version-history":[{"count":2,"href":"http:\/\/www.jumelagecharenton.fr\/index.php\/wp-json\/wp\/v2\/pages\/752\/revisions"}],"predecessor-version":[{"id":1788,"href":"http:\/\/www.jumelagecharenton.fr\/index.php\/wp-json\/wp\/v2\/pages\/752\/revisions\/1788"}],"up":[{"embeddable":true,"href":"http:\/\/www.jumelagecharenton.fr\/index.php\/wp-json\/wp\/v2\/pages\/83"}],"wp:attachment":[{"href":"http:\/\/www.jumelagecharenton.fr\/index.php\/wp-json\/wp\/v2\/media?parent=752"}],"curies":[{"name":"wp","href":"https:\/\/api.w.org\/{rel}","templated":true}]}}