


{"id":726,"date":"2021-07-12T15:29:32","date_gmt":"2021-07-12T13:29:32","guid":{"rendered":"http:\/\/www.jumelagecharenton.fr\/?page_id=726"},"modified":"2021-07-12T15:45:59","modified_gmt":"2021-07-12T13:45:59","slug":"test-accueil","status":"publish","type":"page","link":"http:\/\/www.jumelagecharenton.fr\/index.php\/test-accueil\/","title":{"rendered":"test accueil"},"content":{"rendered":"\n<div class=\"wp-block-nextend-smartslider3\"><\/div>\n\n\n\n<div class=\"wp-block-columns home-row eplus-jLQYkU\">\n<div class=\"wp-block-column eplus-ZbxlGY\">\n<div class=\"wp-block-columns eplus-UF51R5\">\n<div class=\"wp-block-column flag-col-left eplus-sv31lS\">\n<div class=\"wp-block-group flag-contain eplus-FK4TW9 ek-linked-block\"><div class=\"wp-block-group__inner-container\">\n<figure class=\"wp-block-image size-large eplus-4AG1P3\"><a href=\"http:\/\/www.jumelagecharenton.fr\/grande-bretagne\/\"><img loading=\"lazy\" width=\"500\" height=\"500\" src=\"http:\/\/www.jumelagecharenton.fr\/wp-content\/uploads\/grandebretagne.png\" alt=\"\" class=\"wp-image-388\" srcset=\"http:\/\/www.jumelagecharenton.fr\/wp-content\/uploads\/grandebretagne.png 500w, http:\/\/www.jumelagecharenton.fr\/wp-content\/uploads\/grandebretagne-300x300.png 300w, http:\/\/www.jumelagecharenton.fr\/wp-content\/uploads\/grandebretagne-150x150.png 150w, http:\/\/www.jumelagecharenton.fr\/wp-content\/uploads\/grandebretagne-100x100.png 100w, http:\/\/www.jumelagecharenton.fr\/wp-content\/uploads\/grandebretagne-200x200.png 200w, http:\/\/www.jumelagecharenton.fr\/wp-content\/uploads\/grandebretagne-450x450.png 450w\" sizes=\"(max-width: 500px) 100vw, 500px\" \/><\/a><\/figure>\n<\/div><a href=\"http:\/\/www.jumelagecharenton.fr\/grande-bretagne\/\" class=\"editorskit-block-link\"rel=\"\"><\/a><\/div>\n<\/div>\n\n\n\n<div class=\"wp-block-column flag-col-right eplus-IgHDus\">\n<div class=\"wp-block-group flag-contain eplus-UAxAOa ek-linked-block\"><div class=\"wp-block-group__inner-container\">\n<figure class=\"wp-block-image size-large eplus-e4UStW\"><a href=\"http:\/\/www.jumelagecharenton.fr\/italie\/\"><img loading=\"lazy\" width=\"500\" height=\"500\" src=\"http:\/\/www.jumelagecharenton.fr\/wp-content\/uploads\/italie.png\" alt=\"\" class=\"wp-image-392\" srcset=\"http:\/\/www.jumelagecharenton.fr\/wp-content\/uploads\/italie.png 500w, http:\/\/www.jumelagecharenton.fr\/wp-content\/uploads\/italie-300x300.png 300w, http:\/\/www.jumelagecharenton.fr\/wp-content\/uploads\/italie-150x150.png 150w, http:\/\/www.jumelagecharenton.fr\/wp-content\/uploads\/italie-100x100.png 100w, http:\/\/www.jumelagecharenton.fr\/wp-content\/uploads\/italie-200x200.png 200w, http:\/\/www.jumelagecharenton.fr\/wp-content\/uploads\/italie-450x450.png 450w\" sizes=\"(max-width: 500px) 100vw, 500px\" \/><\/a><\/figure>\n<\/div><a href=\"http:\/\/www.jumelagecharenton.fr\/italie\/\" class=\"editorskit-block-link\"rel=\"\"><\/a><\/div>\n<\/div>\n<\/div>\n\n\n\n<div class=\"wp-block-columns eplus-dbTu2F\">\n<div class=\"wp-block-column flag-col-left eplus-GAt0Cv\">\n<div class=\"wp-block-group flag-contain eplus-bKzEfr ek-linked-block\"><div class=\"wp-block-group__inner-container\">\n<figure class=\"wp-block-image size-large eplus-K7Rb9P\"><a href=\"http:\/\/www.jumelagecharenton.fr\/allemagne\/\"><img loading=\"lazy\" width=\"500\" height=\"500\" src=\"http:\/\/www.jumelagecharenton.fr\/wp-content\/uploads\/allemagne.png\" alt=\"\" class=\"wp-image-378\" srcset=\"http:\/\/www.jumelagecharenton.fr\/wp-content\/uploads\/allemagne.png 500w, http:\/\/www.jumelagecharenton.fr\/wp-content\/uploads\/allemagne-300x300.png 300w, http:\/\/www.jumelagecharenton.fr\/wp-content\/uploads\/allemagne-150x150.png 150w, http:\/\/www.jumelagecharenton.fr\/wp-content\/uploads\/allemagne-100x100.png 100w, http:\/\/www.jumelagecharenton.fr\/wp-content\/uploads\/allemagne-200x200.png 200w, http:\/\/www.jumelagecharenton.fr\/wp-content\/uploads\/allemagne-450x450.png 450w\" sizes=\"(max-width: 500px) 100vw, 500px\" \/><\/a><\/figure>\n<\/div><a href=\"http:\/\/www.jumelagecharenton.fr\/allemagne\/\" class=\"editorskit-block-link\"rel=\"\"><\/a><\/div>\n<\/div>\n\n\n\n<div class=\"wp-block-column flag-col-right eplus-MOh3J8\">\n<div class=\"wp-block-group flag-contain eplus-lZowA9 ek-linked-block\"><div class=\"wp-block-group__inner-container\">\n<figure class=\"wp-block-image size-large eplus-WhjRjI\"><a href=\"http:\/\/www.jumelagecharenton.fr\/israel\/\"><img loading=\"lazy\" width=\"500\" height=\"500\" src=\"http:\/\/www.jumelagecharenton.fr\/wp-content\/uploads\/israel.png\" alt=\"\" class=\"wp-image-391\" srcset=\"http:\/\/www.jumelagecharenton.fr\/wp-content\/uploads\/israel.png 500w, http:\/\/www.jumelagecharenton.fr\/wp-content\/uploads\/israel-300x300.png 300w, http:\/\/www.jumelagecharenton.fr\/wp-content\/uploads\/israel-150x150.png 150w, http:\/\/www.jumelagecharenton.fr\/wp-content\/uploads\/israel-100x100.png 100w, http:\/\/www.jumelagecharenton.fr\/wp-content\/uploads\/israel-200x200.png 200w, http:\/\/www.jumelagecharenton.fr\/wp-content\/uploads\/israel-450x450.png 450w\" sizes=\"(max-width: 500px) 100vw, 500px\" \/><\/a><\/figure>\n<\/div><a href=\"http:\/\/www.jumelagecharenton.fr\/israel\/\" class=\"editorskit-block-link\"rel=\"\"><\/a><\/div>\n<\/div>\n<\/div>\n<\/div>\n\n\n\n<div class=\"wp-block-column text-home eplus-yBDkdE\">\n<h2 class=\"eplus-VVRzl4 home_title\">Comit\u00e9 de jumelage de Charenton-le-pont<\/h2>\n\n\n\n<p class=\"eplus-2OT08X\">Charenton a nou\u00e9 au fil du temps des liens \u00e9troits avec des villes situ\u00e9es dans plusieurs pays \u00e9trangers. Des rencontres sont organis\u00e9es r\u00e9guli\u00e8rement et contribuent \u00e0 notre enrichissement mutuel.<\/p>\n\n\n\n<p class=\"eplus-KhMtZa\"><\/p>\n\n\n\n<div class=\"wp-block-buttons eplus-HzoTcD\">\n<div class=\"wp-block-button eplus-GHp3Gf\"><a class=\"wp-block-button__link\" href=\"http:\/\/www.jumelagecharenton.fr\/organisation-comite\/\">En savoir plus<\/a><\/div>\n<\/div>\n<\/div>\n<\/div>\n","protected":false},"excerpt":{"rendered":"<p>Comit\u00e9 de jumelage de Charenton-le-pont Charenton a nou\u00e9 au fil du temps des liens \u00e9troits avec des villes situ\u00e9es dans plusieurs pays \u00e9trangers. Des rencontres sont organis\u00e9es r\u00e9guli\u00e8rement et contribuent \u00e0 notre enrichissement mutuel.<\/p>\n","protected":false},"author":1,"featured_media":0,"parent":0,"menu_order":0,"comment_status":"closed","ping_status":"closed","template":"","meta":{"editor_plus_custom_animation_option_css":"{}","_editorskit_title_hidden":true,"_editorskit_reading_time":1,"_editorskit_typography_data":[],"_editorskit_blocks_typography":"","editor_plus_custom_css":"{\"3305a190-8c0d-4563-9f04-1ec98920b030\":\".eplus-4AG1P3 { \\n\\n}\",\"d6a833b4-b26e-48b1-9b62-42590d2a7428\":\".flag-contain.eplus-FK4TW9 { \\n\\n}\",\"1d62ff9c-4eba-45c7-8eec-f5e65bf63779\":\".flag-col-left.eplus-sv31lS { \\n\\n}\",\"794f091b-4508-43a0-903e-edd6cdccc59d\":\".eplus-e4UStW { \\n\\n}\",\"6d728e3d-aad9-4447-9dd5-6fa298fc6425\":\".flag-contain.eplus-UAxAOa { \\n\\n}\",\"305fcbd6-1ee5-4c8b-8fcf-567116f7763a\":\".flag-col-right.eplus-IgHDus { \\n\\n}\",\"81a61977-7329-4b7e-be02-5e892b699954\":\".eplus-UF51R5 { \\n\\n}\",\"c4f135b2-e3a8-45e2-93e2-2cead7c218d0\":\".eplus-K7Rb9P { \\n\\n}\",\"395e9cdd-84f9-4a25-8579-ad21c8883160\":\".flag-contain.eplus-bKzEfr { \\n\\n}\",\"a68e9abb-1f18-4482-9873-dc7d08629b2a\":\".flag-col-left.eplus-GAt0Cv { \\n\\n}\",\"98b5c3b4-631a-4a9f-9c0f-8d349d44b7c1\":\".eplus-WhjRjI { \\n\\n}\",\"073353a6-efea-42cd-97f0-d7efee8abeb2\":\".flag-contain.eplus-lZowA9 { \\n\\n}\",\"e621d25a-4d9e-449d-aa80-7ba1575d270e\":\".flag-col-right.eplus-MOh3J8 { \\n\\n}\",\"e99a2f1c-9126-4f62-b85f-fc77cabeca07\":\".eplus-dbTu2F { \\n\\n}\",\"6a20aa21-b859-447a-8c7f-35d56e949b3f\":\".eplus-ZbxlGY { \\n\\n}\",\"0c36a310-1d5a-4819-9f12-ec045b2049e3\":\".eplus-VVRzl4.home_title { \\n\\n}\",\"19428981-885c-447a-83b7-0a78c4c9ec41\":\".eplus-2OT08X { \\n\\n}\",\"3168efa8-a8a2-4bef-a89c-ec639a48a1ea\":\".eplus-KhMtZa { \\n\\n}\",\"aafa41c9-513e-4aca-9eee-a4332955e4cb\":\".eplus-GHp3Gf { \\n\\n}\",\"3d6c3699-81af-453a-8355-f8ea6ad24d8d\":\".eplus-HzoTcD { \\n\\n}\",\"c8503c24-8a77-455e-a7b1-4ef238950232\":\".text-home.eplus-yBDkdE { \\n\\n}\",\"c22b3a42-4fab-4bc2-b8ff-51da4b361d95\":\".home-row.eplus-jLQYkU { \\n\\n}\"}","editor_plus_custom_css_file_version":"latest-869","editor_plus_custom_styling_options_file_version":"latest-7226","editor_plus_custom_styling_options_css":"{\"3305a190-8c0d-4563-9f04-1ec98920b030\":\"\",\"d6a833b4-b26e-48b1-9b62-42590d2a7428\":\"\",\"1d62ff9c-4eba-45c7-8eec-f5e65bf63779\":\"\",\"794f091b-4508-43a0-903e-edd6cdccc59d\":\"\",\"6d728e3d-aad9-4447-9dd5-6fa298fc6425\":\"\",\"305fcbd6-1ee5-4c8b-8fcf-567116f7763a\":\"\",\"81a61977-7329-4b7e-be02-5e892b699954\":\"\",\"c4f135b2-e3a8-45e2-93e2-2cead7c218d0\":\"\",\"395e9cdd-84f9-4a25-8579-ad21c8883160\":\"\",\"a68e9abb-1f18-4482-9873-dc7d08629b2a\":\"\",\"98b5c3b4-631a-4a9f-9c0f-8d349d44b7c1\":\"\",\"073353a6-efea-42cd-97f0-d7efee8abeb2\":\"\",\"e621d25a-4d9e-449d-aa80-7ba1575d270e\":\"\",\"e99a2f1c-9126-4f62-b85f-fc77cabeca07\":\"\",\"6a20aa21-b859-447a-8c7f-35d56e949b3f\":\"\",\"0c36a310-1d5a-4819-9f12-ec045b2049e3\":\"\",\"19428981-885c-447a-83b7-0a78c4c9ec41\":\"\",\"3168efa8-a8a2-4bef-a89c-ec639a48a1ea\":\"\",\"aafa41c9-513e-4aca-9eee-a4332955e4cb\":\"\",\"3d6c3699-81af-453a-8355-f8ea6ad24d8d\":\"\",\"c8503c24-8a77-455e-a7b1-4ef238950232\":\"\",\"c22b3a42-4fab-4bc2-b8ff-51da4b361d95\":\"\"}","editor_plus_copied_stylings":"{}","editor_plus_extended_blocks_css":"{}","editor_plus_post_options":"{}","ngg_post_thumbnail":0},"_links":{"self":[{"href":"http:\/\/www.jumelagecharenton.fr\/index.php\/wp-json\/wp\/v2\/pages\/726"}],"collection":[{"href":"http:\/\/www.jumelagecharenton.fr\/index.php\/wp-json\/wp\/v2\/pages"}],"about":[{"href":"http:\/\/www.jumelagecharenton.fr\/index.php\/wp-json\/wp\/v2\/types\/page"}],"author":[{"embeddable":true,"href":"http:\/\/www.jumelagecharenton.fr\/index.php\/wp-json\/wp\/v2\/users\/1"}],"replies":[{"embeddable":true,"href":"http:\/\/www.jumelagecharenton.fr\/index.php\/wp-json\/wp\/v2\/comments?post=726"}],"version-history":[{"count":3,"href":"http:\/\/www.jumelagecharenton.fr\/index.php\/wp-json\/wp\/v2\/pages\/726\/revisions"}],"predecessor-version":[{"id":732,"href":"http:\/\/www.jumelagecharenton.fr\/index.php\/wp-json\/wp\/v2\/pages\/726\/revisions\/732"}],"wp:attachment":[{"href":"http:\/\/www.jumelagecharenton.fr\/index.php\/wp-json\/wp\/v2\/media?parent=726"}],"curies":[{"name":"wp","href":"https:\/\/api.w.org\/{rel}","templated":true}]}}