


{"id":302,"date":"2021-06-24T16:27:56","date_gmt":"2021-06-24T14:27:56","guid":{"rendered":"http:\/\/localhost\/jumelage\/?page_id=302"},"modified":"2021-11-12T18:47:36","modified_gmt":"2021-11-12T17:47:36","slug":"historique","status":"publish","type":"page","link":"http:\/\/www.jumelagecharenton.fr\/index.php\/grande-bretagne\/historique\/","title":{"rendered":"Historique"},"content":{"rendered":"\n<p class=\"eplus-myPNmR\">La section Grande-Bretagne du Comit\u00e9 de jumelage a f\u00eat\u00e9 les 20 ans de son partenariat avec la ville de Trowbridge en 2017. <\/p>\n\n\n\n<p class=\"eplus-cS2pLv\">Ce jumelage est n\u00e9 en 1997, \u00e0 l&rsquo;initiative de Monsieur et Madame BERTEAUX. Les recherches de villes partenaires <\/p>\n\n\n\n<p class=\"eplus-GTQQGM\"><\/p>\n","protected":false},"excerpt":{"rendered":"<p>La section Grande-Bretagne du Comit\u00e9 de jumelage a f\u00eat\u00e9 les 20 ans de son partenariat avec la ville de Trowbridge en 2017. Ce jumelage est n\u00e9 en 1997, \u00e0 l&rsquo;initiative de Monsieur et Madame BERTEAUX. Les recherches de villes partenaires<\/p>\n","protected":false},"author":1,"featured_media":0,"parent":81,"menu_order":2,"comment_status":"closed","ping_status":"closed","template":"full-width-page.php","meta":{"editor_plus_custom_animation_option_css":"{}","_editorskit_title_hidden":false,"_editorskit_reading_time":0,"_editorskit_typography_data":[],"_editorskit_blocks_typography":"","editor_plus_custom_css":"{\"0b8f661e-8f86-41f8-87f2-eb26c54951da\":\".eplus-myPNmR { \\n\\n}\",\"bc63a26d-9191-4edd-a5fe-b1816ed60648\":\".eplus-cS2pLv { \\n\\n}\",\"4df69646-cf8c-4b85-9505-2fa4e4af8da3\":\".eplus-GTQQGM { \\n\\n}\"}","editor_plus_custom_css_file_version":"latest-452","editor_plus_custom_styling_options_file_version":"latest-2657","editor_plus_custom_styling_options_css":"{\"0b8f661e-8f86-41f8-87f2-eb26c54951da\":\"\",\"bc63a26d-9191-4edd-a5fe-b1816ed60648\":\"\",\"4df69646-cf8c-4b85-9505-2fa4e4af8da3\":\"\"}","editor_plus_copied_stylings":"{}","editor_plus_extended_blocks_css":"{}","editor_plus_post_options":"{}","ngg_post_thumbnail":0},"_links":{"self":[{"href":"http:\/\/www.jumelagecharenton.fr\/index.php\/wp-json\/wp\/v2\/pages\/302"}],"collection":[{"href":"http:\/\/www.jumelagecharenton.fr\/index.php\/wp-json\/wp\/v2\/pages"}],"about":[{"href":"http:\/\/www.jumelagecharenton.fr\/index.php\/wp-json\/wp\/v2\/types\/page"}],"author":[{"embeddable":true,"href":"http:\/\/www.jumelagecharenton.fr\/index.php\/wp-json\/wp\/v2\/users\/1"}],"replies":[{"embeddable":true,"href":"http:\/\/www.jumelagecharenton.fr\/index.php\/wp-json\/wp\/v2\/comments?post=302"}],"version-history":[{"count":3,"href":"http:\/\/www.jumelagecharenton.fr\/index.php\/wp-json\/wp\/v2\/pages\/302\/revisions"}],"predecessor-version":[{"id":1307,"href":"http:\/\/www.jumelagecharenton.fr\/index.php\/wp-json\/wp\/v2\/pages\/302\/revisions\/1307"}],"up":[{"embeddable":true,"href":"http:\/\/www.jumelagecharenton.fr\/index.php\/wp-json\/wp\/v2\/pages\/81"}],"wp:attachment":[{"href":"http:\/\/www.jumelagecharenton.fr\/index.php\/wp-json\/wp\/v2\/media?parent=302"}],"curies":[{"name":"wp","href":"https:\/\/api.w.org\/{rel}","templated":true}]}}