


{"id":114,"date":"2021-06-21T14:12:39","date_gmt":"2021-06-21T12:12:39","guid":{"rendered":"http:\/\/localhost\/jumelage\/?page_id=111"},"modified":"2025-11-13T11:38:20","modified_gmt":"2025-11-13T10:38:20","slug":"contact","status":"publish","type":"page","link":"http:\/\/www.jumelagecharenton.fr\/index.php\/italie\/contact\/","title":{"rendered":"Contacts"},"content":{"rendered":"\n<p class=\"has-text-align-center eplus-p2wFT4\">Renseignements sur les activit\u00e9s de la section Italie tout au long de l&rsquo;ann\u00e9e (cours, conf\u00e9rences, r\u00e9unions &#8230;) :<\/p>\n\n\n\n<div class=\"wp-block-group eplus-i3PmFK contactgrp\"><div class=\"wp-block-group__inner-container\"><div class=\"infobox\"><h2>Pr\u00e9sidente<\/h2><span class=\"contactname\">Sandrine Carini<\/span><div class=\"infos\"><span class=\"material-icons\">call<\/span><span>06 62 47 09 89<\/span><\/div>\n\t\t<div class=\"infos\"><span class=\"material-icons\">email<\/span><span>s.carini@orange.fr<\/span><\/div>\n\t\t<div class=\"btnright\"><a href=\"mailto:s.carini@orange.fr\"><button>Contacter<\/button><\/a><\/div>\n\t\t<\/div>\n\n\n<div class=\"infobox\"><h2>Secr\u00e9taire<\/h2><span class=\"contactname\">Sylvie Gauthier<\/span><div class=\"infos\"><span class=\"material-icons\">call<\/span><span>06 48 26 04 16<\/span><\/div>\n\t\t<div class=\"infos\"><span class=\"material-icons\">email<\/span><span>italien.jumelage.charenton@gmail.com<\/span><\/div>\n\t\t<div class=\"btnright\"><a href=\"mailto:italien.jumelage.charenton@gmail.com\"><button>Contacter<\/button><\/a><\/div>\n\t\t<\/div>\n<\/div><\/div>\n\n\n\n<div style=\"height:42px\" aria-hidden=\"true\" class=\"wp-block-spacer eplus-b3DU1C\"><\/div>\n\n\n\n<div class=\"wp-block-group eplus-MzpFxg facebooklink\"><div class=\"wp-block-group__inner-container\">\n<div class=\"ep_icon__f10552f8-29f2-4a03-aaff-9d0462f0cf35 undefined\"><div class=\"ep_icon_wrapper\"><span class=\"eplusicon-facebook-official\"><\/span><\/div><\/div><style>.eplus_styles .ep_icon__f10552f8-29f2-4a03-aaff-9d0462f0cf35 .ep_icon_wrapper {\n                \n                text-align: center;\n            }.eplus_styles .ep_icon__f10552f8-29f2-4a03-aaff-9d0462f0cf35 .ep_icon_wrapper span {\n                \n                color: rgba(15, 128, 204, 1);\n            }.eplus_styles .ep_icon__f10552f8-29f2-4a03-aaff-9d0462f0cf35 .ep_icon_wrapper span {\n                \n                font-size: 24px ;\n            }.eplus_styles .ep_icon__f10552f8-29f2-4a03-aaff-9d0462f0cf35 .ep_icon_wrapper span {\n                \n                padding-top: 15px ;\npadding-right: 15px ;\npadding-bottom: 15px ;\npadding-left: 15px ;\n            }<\/style>\n\n\n\n<p class=\"has-text-align-center eplus-RMzAA2\"><a href=\"https:\/\/www.facebook.com\/Italien-Charenton-234654323324170\" target=\"_blank\" aria-label=\"Page Facebook du comit\u00e9 Italie (opens in a new tab)\" rel=\"noreferrer noopener\" class=\"ek-link\">Page Facebook du comit\u00e9 Italie<\/a><\/p>\n\n\n\n<p class=\"eplus-3iqpFC\"><\/p>\n<\/div><\/div>\n","protected":false},"excerpt":{"rendered":"<p>Renseignements sur les activit\u00e9s de la section Italie tout au long de l&rsquo;ann\u00e9e (cours, conf\u00e9rences, r\u00e9unions &#8230;) :<\/p>\n","protected":false},"author":1,"featured_media":0,"parent":68,"menu_order":6,"comment_status":"closed","ping_status":"closed","template":"full-width-page.php","meta":{"editor_plus_custom_animation_option_css":"{}","_editorskit_title_hidden":false,"_editorskit_reading_time":1,"_editorskit_typography_data":[],"_editorskit_blocks_typography":"","editor_plus_custom_css":"{\"22c26ded-2c44-44e5-8c48-1808c35c4a76\":\".eplus-p2wFT4 { \\n\\n}\",\"90f16da5-f87e-443b-ae58-fa41d97a3c2f\":\".eplus-VCCPpY { \\n\\n}\",\"9f716b00-9d62-447c-90e0-7074577f7dae\":\".eplus-9EDEip { \\n\\n}\",\"3438b384-5718-4fe2-aa9c-b321bdaa2c6c\":\".eplus-i3PmFK.contactgrp { \\n\\n}\",\"d1964c3e-971d-4532-984b-d50936acf0b7\":\".eplus-b3DU1C { \\n\\n}\",\"63f17ee5-46ca-4e9f-8179-f15201fdf500\":\".eplus-RMzAA2 { \\n\\n}\",\"c6b34e2c-3868-4e52-8bc3-603ea4beaf6a\":\".eplus-3iqpFC { \\n\\n}\",\"ae54b475-3a38-4828-8498-b6a44f43603f\":\".eplus-MzpFxg.facebooklink { \\n}\"}","editor_plus_custom_css_file_version":"latest-464","editor_plus_custom_styling_options_file_version":"latest-1726","editor_plus_custom_styling_options_css":"{\"22c26ded-2c44-44e5-8c48-1808c35c4a76\":\"\",\"90f16da5-f87e-443b-ae58-fa41d97a3c2f\":\"\",\"9f716b00-9d62-447c-90e0-7074577f7dae\":\"\",\"3438b384-5718-4fe2-aa9c-b321bdaa2c6c\":\"\",\"d1964c3e-971d-4532-984b-d50936acf0b7\":\"\",\"63f17ee5-46ca-4e9f-8179-f15201fdf500\":\"\",\"c6b34e2c-3868-4e52-8bc3-603ea4beaf6a\":\"\",\"ae54b475-3a38-4828-8498-b6a44f43603f\":\".eplus_styles .eplus-MzpFxg {\\n                position: relative;\\n                display: flex;\\n            }\"}","editor_plus_copied_stylings":"{}","editor_plus_extended_blocks_css":"{}","editor_plus_post_options":"{}","ngg_post_thumbnail":0},"_links":{"self":[{"href":"http:\/\/www.jumelagecharenton.fr\/index.php\/wp-json\/wp\/v2\/pages\/114"}],"collection":[{"href":"http:\/\/www.jumelagecharenton.fr\/index.php\/wp-json\/wp\/v2\/pages"}],"about":[{"href":"http:\/\/www.jumelagecharenton.fr\/index.php\/wp-json\/wp\/v2\/types\/page"}],"author":[{"embeddable":true,"href":"http:\/\/www.jumelagecharenton.fr\/index.php\/wp-json\/wp\/v2\/users\/1"}],"replies":[{"embeddable":true,"href":"http:\/\/www.jumelagecharenton.fr\/index.php\/wp-json\/wp\/v2\/comments?post=114"}],"version-history":[{"count":9,"href":"http:\/\/www.jumelagecharenton.fr\/index.php\/wp-json\/wp\/v2\/pages\/114\/revisions"}],"predecessor-version":[{"id":3095,"href":"http:\/\/www.jumelagecharenton.fr\/index.php\/wp-json\/wp\/v2\/pages\/114\/revisions\/3095"}],"up":[{"embeddable":true,"href":"http:\/\/www.jumelagecharenton.fr\/index.php\/wp-json\/wp\/v2\/pages\/68"}],"wp:attachment":[{"href":"http:\/\/www.jumelagecharenton.fr\/index.php\/wp-json\/wp\/v2\/media?parent=114"}],"curies":[{"name":"wp","href":"https:\/\/api.w.org\/{rel}","templated":true}]}}